{"id":77,"date":"2025-11-06T20:41:35","date_gmt":"2025-11-06T19:41:35","guid":{"rendered":"https:\/\/travelswithme73.wordpress.com\/?page_id=77"},"modified":"2025-11-06T20:54:02","modified_gmt":"2025-11-06T19:54:02","slug":"wlochy","status":"publish","type":"page","link":"https:\/\/tripsandtips.1free.eu\/?page_id=77","title":{"rendered":"W\u0142ochy"},"content":{"rendered":"\n<p><em>Data pobytu:<br>&gt; 18.02.2024 &#8211; 26.02.2024 (Sycylia)<\/em><\/p>\n\n\n\n<p>Orientacyjna mapka odwiedzonych miejsc:<\/p>\n\n\n\n<figure class=\"wp-block-image size-large is-resized\"><img loading=\"lazy\" decoding=\"async\" width=\"790\" height=\"519\" src=\"https:\/\/tripsandtips.1free.eu\/wp-content\/uploads\/2025\/11\/sicily_places.png?w=790\" alt=\"\" class=\"wp-image-173\" style=\"aspect-ratio:1.522198731501057;width:437px;height:auto\" srcset=\"https:\/\/tripsandtips.1free.eu\/wp-content\/uploads\/2025\/11\/sicily_places.png 790w, https:\/\/tripsandtips.1free.eu\/wp-content\/uploads\/2025\/11\/sicily_places-300x197.png 300w, https:\/\/tripsandtips.1free.eu\/wp-content\/uploads\/2025\/11\/sicily_places-768x505.png 768w\" sizes=\"auto, (max-width: 790px) 100vw, 790px\" \/><\/figure>\n\n\n\n<h4 class=\"wp-block-heading\"><strong>Informacje praktyczne:<\/strong><\/h4>\n\n\n\n<p><strong>&gt; J\u0119zyk:<\/strong>&nbsp;w\u0142oski, ale te\u017c mo\u017cna si\u0119 dogada\u0107 w j\u0119zyku angielskim;<br><strong>&gt; Waluta:<\/strong>&nbsp;Euro;<br><strong>&gt; Gniazdka elektryczne:&nbsp;<\/strong>takie jak w Polsce \u2013 nie ma potrzeby zabiera\u0107 adaptera;<br><strong>&gt; Ceny:<\/strong><br>\u2013 ceny za podstawowe produkty, jedzenie, picie itp. s\u0105 zr\u00f3wnowa\u017cone, ale g\u0142\u00f3wnie zbli\u017cone do polskich;<br>\u2013&nbsp;<em>paliwo:&nbsp;<\/em>benzyna i diesel \u2013 ok. 1,70-1,80 EUR \/ litr;<br>&gt;&nbsp;<strong>Dokumenty:<\/strong>&nbsp;dow\u00f3d osobisty wystarczy w zupe\u0142no\u015bci;<br>&gt;&nbsp;<strong>Ruch uliczny:<\/strong>&nbsp;prawostronny;<br>&gt;&nbsp;<strong>Transport:<\/strong>&nbsp;komunikacja miejska w miastach na Sycylii jest dobrze rozwini\u0119ta. Dodatkowo, s\u0105 tam poci\u0105gi, kt\u00f3rymi mo\u017cna si\u0119 porusza\u0107 mi\u0119dzy wi\u0119kszymi miastami. Jednak na Sycylii warto jest mie\u0107 wypo\u017cyczony samoch\u00f3d, gdy\u017c wtedy jest wygodniej i zwiedzi si\u0119 o wiele wi\u0119cej.<\/p>\n\n\n\n<h4 class=\"wp-block-heading\"><strong>Kuchnia tradycyjna:<\/strong><\/h4>\n\n\n\n<p>Na Sycylii warto jest spr\u00f3bowa\u0107 m.in.:<br>&gt;&nbsp;<strong>Tradycyjna Pizza<\/strong> \u2013 danie zawieraj\u0105ce ry\u017c oraz owoce morza;<br>&gt; <strong>Spaghetti<\/strong>;<br>&gt;&nbsp;<strong>Arancini <\/strong>\u2013 ry\u017cowe kulki;<br>&gt; <strong>Pasta alla Norma<\/strong> &#8211; makaron (najcz\u0119\u015bciej penne) z sosem pomidorowym, sma\u017conym bak\u0142a\u017canem, ricott\u0105 i bazyli\u0105;<br>&gt; <strong>Cannoli <\/strong>&#8211; kruche ciasta wype\u0142nione serem ricotta;<\/p>\n\n\n\n<h4 class=\"wp-block-heading\"><strong>Sprawozdanie z wyprawy:<\/strong><\/h4>\n\n\n\n<p>Na Sycylii mieli\u015bmy noclegi w dw\u00f3ch r\u00f3\u017cnych miejscach: przy miejscowo\u015bci <em>Sciacca <\/em>oraz w miejscowo\u015bci <em>Ragalna <\/em>pod wulkanem Etna.<br>Naprawd\u0119 polecam nocleg w &#8222;Etnea sotto il ciliegio&#8221; w <em>Ragalnie <\/em>&#8211; dobre ceny i bardzo mili w\u0142a\u015bciciele.<\/p>\n\n\n\n<h4 class=\"wp-block-heading\"><strong>Co warto zobaczy\u0107 na Sycylii?<\/strong><\/h4>\n\n\n\n<ol class=\"wp-block-list\">\n<li><strong>Scala dei Turchi<\/strong> &#8211; bia\u0142e klify.<\/li>\n\n\n\n<li><strong>Porto Sciacca<\/strong> &#8211; port w miejscowo\u015bci Sciacca z ciekawym widokiem na miejscowo\u015b\u0107.<\/li>\n\n\n\n<li><strong>Belvedere di Erice<\/strong> &#8211; malowniczy widok na miasto <em>Trapani <\/em>i wyspy Egadzkie.<\/li>\n\n\n\n<li><strong>Erice <\/strong>&#8211; malownicze, \u015bredniowiecznie miasteczko po\u0142o\u017cone na szczycie g\u00f3ry nad miastem Trapani z miejscami widokowymi.<\/li>\n\n\n\n<li><strong>Grotta Mangiapane <\/strong>&#8211; prehistoryczna jaskinia-osada.<br>Jako ciekawostka: znaleziono tu artefakty i znaki obecno\u015bci cz\u0142owieka si\u0119gaj\u0105ce paleolitu.<\/li>\n\n\n\n<li><strong>Baia di Cornino<\/strong> &#8211; pi\u0119kna zatoka i pla\u017ca znajduj\u0105ca si\u0119 u st\u00f3p g\u00f3ry Monte Cofano (659m).<\/li>\n\n\n\n<li><strong>Spiaggia San Vito lo Capo<\/strong> &#8211; pla\u017ca w miejscowo\u015bci San Vito lo Capo, jedna z najpi\u0119kniejszych pla\u017c na Sycylii.<\/li>\n\n\n\n<li><strong>Belvedere Castellammare del Golf<\/strong>o &#8211; majestatyczny widok na morze, miejscowo\u015b\u0107 Castellammare del Golfo i ma\u0142y port.<\/li>\n\n\n\n<li><strong>Mondello Beach<\/strong> &#8211; pla\u017ca z bia\u0142ym piaskiem po\u0142o\u017cona mi\u0119dzy g\u00f3rkami.<\/li>\n\n\n\n<li><strong>Belvedere Montepellegrino<\/strong> &#8211; popularny punkt widokowy na stolic\u0119 wyspy &#8211; Palermo.<\/li>\n\n\n\n<li>Palermo &#8211; miasto b\u0119d\u0105ce stolic\u0105 wyspy. Najpopularniejszymi atrakcjami s\u0105:<br>&#8211; <strong>Parco Tomasi di Lampedusa<\/strong> &#8211; nadmorski park z palmami;<br>&#8211; <strong>Fontana Pretoria<\/strong> &#8211; zabytkowa XVI-wieczna fontanna znana ze zdobie\u0144 i pos\u0105g\u00f3w;<br>&#8211; <strong>Ko\u015bci\u00f3\u0142 \u015awi\u0119tej Katarzyny Aleksandryjskiej<\/strong> &#8211; okaza\u0142y Ko\u015bci\u00f3\u0142 katolicki z bogato zdobionym wn\u0119trzem;<br>&#8211; <strong>Ko\u015bci\u00f3\u0142 Santa Maria dell&#8217;Ammiraglio<\/strong> &#8211; norma\u0144ski Ko\u015bci\u00f3\u0142 z bogato zdobionym wn\u0119trzem, znany z zabytkowych bizantyjskich mozaik;<br>&#8211; <strong>Katakumby Kapucyn\u00f3w w Palermo<\/strong>;<br>&#8211; <strong>Cattedrale di Palermo <\/strong>&#8211; Ko\u015bci\u00f3\u0142 z pocz\u0105tku XII w. z czterema dzwonnicami i kr\u00f3lewskimi grobowcami;<br>&#8211; <strong>Villa Bonanno<\/strong> &#8211; ogrody z fontannami, palmami i rze\u017abami;<\/li>\n\n\n\n<li><strong>Diga Rosamarina<\/strong> &#8211; zbiornik retencyjny i zapora zbudowana w w\u0105skiej, skalistej dolinie z malowniczymi widokami na w\u0105w\u00f3z. R\u00f3wnie\u017c, mo\u017cna si\u0119 tutaj przejecha\u0107 tunelem wykutym w skale, oferuj\u0105cym niezwyk\u0142e wra\u017cenia.<\/li>\n\n\n\n<li><strong>Salto dei Ventimiglia <\/strong>&#8211; punkt widokowy s\u0142yn\u0105cy ze stalowo-szklanej konstrukcji, gdzie ma si\u0119 wra\u017cenie chodzenia nad przepa\u015bci\u0105. Rozpo\u015bcieraj\u0105 si\u0119 tutaj pi\u0119kne widoki na okoliczn\u0105 miejscowo\u015b\u0107, g\u00f3ry i doliny.<\/li>\n\n\n\n<li><strong>Spiaggia di Cefal\u00f9<\/strong> &#8211; pla\u017ca w zabytkowej miejscowo\u015bci <em>Cefal\u00f9<\/em>. W okolicy jest tak\u017ce g\u00f3rka, na kt\u00f3rej znajduj\u0105 si\u0119 ruiny zamku.<\/li>\n\n\n\n<li><strong>Centuripe <\/strong>&#8211; ma\u0142a, malownicza, historyczna miejscowo\u015b\u0107, kt\u00f3ra kszta\u0142tem z g\u00f3ry przypomina le\u017c\u0105cego cz\u0142owieka.<\/li>\n\n\n\n<li><strong>Wyspa Ortygia<\/strong> &#8211; urokliwa wyspa, nale\u017c\u0105ca do miasta <em>Syrakuzy<\/em>, z zabytkowymi, kamiennymi budynkami, \u015bwi\u0105tyniami i placami.<\/li>\n\n\n\n<li><strong>Islands of the Cyclops<\/strong> &#8211; znajduj\u0105ca si\u0119 niedaleko Katanii, grupa bazaltowych i wulkanicznych wysepek na morzu.<\/li>\n\n\n\n<li><strong>Katania <\/strong>&#8211; drugie, co do wielko\u015bci, miasto na Sycylii po\u0142o\u017cone blisko s\u0142ynnego wulkanu Etna.<br>W Katanii warto zobaczy\u0107:<br>&#8211; <strong>Porta Uzeda<\/strong> &#8211; brama wej\u015bciowa;<br>&#8211; <strong>Bazylika Katedralna \u015bw. Agaty<\/strong> &#8211; barokowa katedra s\u0142yn\u0105ca z fresk\u00f3w i malowide\u0142.<br>&#8211;<strong> Fontana dell&#8217;Elefante <\/strong>&#8211; fontanna, kt\u00f3ra jest symbolem miasta. Zdobi j\u0105 pos\u0105g s\u0142onia wyrze\u017abiony w bazalcie.<br>&#8211; <strong>Anfiteatro Romano di Catania<\/strong> &#8211; po\u0142o\u017cone w centrum miasta, ruiny rzymskiego amfiteatru;<br>&#8211; <strong>Villa Bellini <\/strong>&#8211; zaciszny ogr\u00f3d i park w centrum Katanii. Przy dobrej pogodzie, mo\u017cna z niego podziwia\u0107 Etn\u0119.<\/li>\n\n\n\n<li><strong>Belvedere di Via Pirandello<\/strong> &#8211; malowniczy punkt widokowy na pla\u017c\u0119, zatok\u0119 i poblisk\u0105 wysepk\u0119 w miejscowo\u015bci Taormina.<\/li>\n\n\n\n<li><strong>Gole Alcantara Botanical and Geological Park<\/strong> &#8211; park botaniczny s\u0142yn\u0105cy z wulkanicznego w\u0105wozu, przez kt\u00f3ry p\u0142ynie rzeczka z krystaliczn\u0105 wod\u0105.<\/li>\n\n\n\n<li><strong>Wulkan Etna<\/strong> &#8211; wznosz\u0105ca si\u0119 na wysoko\u015b\u0107 3403m n.p.m. pere\u0142ka, symbol i wizyt\u00f3wka Sycylii. Aby dosta\u0107 si\u0119 na sam szczyt tudzie\u017c nad sam krater, nale\u017cy najpierw wjecha\u0107 kolejk\u0105 linow\u0105 na stacj\u0119 znajduj\u0105c\u0105 si\u0119 ok. 3000m n.p.m., a nast\u0119pnie przesi\u0105\u015b\u0107 si\u0119 w specjalne pojazdy 4&#215;4.<br>My zdecydowali\u015bmy si\u0119 jedynie na wjazd kolejk\u0105 na g\u00f3rn\u0105 stacj\u0119 &#8211; bilet kosztuje 50 EUR za osob\u0119 doros\u0142\u0105 (wjazd + zjazd), wi\u0119c niestety nie nale\u017cy to najta\u0144szych.<br>Pod Etn\u0105 znajduj\u0105 si\u0119 tak\u017ce mniejsze kratery, po kt\u00f3rych spacerowa\u0107 wyznaczonymi \u015bcie\u017ckami, np. w okolicy <strong>Crateri Silvestri<\/strong>. Jest to \u015bwietna opcja, je\u015bli chce si\u0119 zobaczy\u0107 wulkan z bliska bez wspinaczki na sam szczyt. Dodatkowo, z tego krateru rozpo\u015bcieraj\u0105 si\u0119 pi\u0119kne widoki na unikalny wulkaniczny krajobraz i na Katani\u0119 po\u0142o\u017con\u0105 na samym dole.<\/li>\n<\/ol>\n\n\n\n<h4 class=\"wp-block-heading\"><strong>Podsumowanie:<\/strong><\/h4>\n\n\n\n<p>Sycylia to wyspa pe\u0142na kontrast\u00f3w &#8211; od wulkanicznego krajobrazu, przez \u015bredniowieczne, urokliwe miasteczka i barokowe Ko\u015bcio\u0142y, po malownicze pla\u017ce.<br>Mimo \u017ce zobaczyli\u015bmy wiele, wci\u0105\u017c czujemy lekki niedosyt &#8211; ta wyspa z pewno\u015bci\u0105 ma do zaoferowania jeszcze wiele innych urokliwych i malowniczych miejsc.<br>To w\u0142a\u015bnie ta r\u00f3\u017cnorodno\u015b\u0107 sprawia, \u017ce chce si\u0119 tu wraca\u0107.<br><br><\/p>\n","protected":false},"excerpt":{"rendered":"<p>Data pobytu:&gt; 18.02.2024 &#8211; 26.02.2024 (Sycylia) Orientacyjna mapka odwiedzonych miejsc: Informacje praktyczne: &gt; J\u0119zyk:&nbsp;w\u0142oski, ale te\u017c mo\u017cna si\u0119 dogada\u0107 w j\u0119zyku angielskim;&gt; Waluta:&nbsp;Euro;&gt; Gniazdka elektryczne:&nbsp;takie jak w Polsce \u2013 nie ma potrzeby zabiera\u0107 adaptera;&gt; Ceny:\u2013 ceny za podstawowe produkty, jedzenie, picie itp. s\u0105 zr\u00f3wnowa\u017cone, ale g\u0142\u00f3wnie zbli\u017cone do polskich;\u2013&nbsp;paliwo:&nbsp;benzyna i diesel \u2013 ok. 1,70-1,80 EUR &#8230; <a title=\"W\u0142ochy\" class=\"read-more\" href=\"https:\/\/tripsandtips.1free.eu\/?page_id=77\" aria-label=\"Dowiedz si\u0119 wi\u0119cej o W\u0142ochy\">Dowiedz si\u0119 wi\u0119cej<\/a><\/p>\n","protected":false},"author":1,"featured_media":0,"parent":0,"menu_order":0,"comment_status":"closed","ping_status":"closed","template":"","meta":{"footnotes":""},"class_list":["post-77","page","type-page","status-publish"],"_links":{"self":[{"href":"https:\/\/tripsandtips.1free.eu\/index.php?rest_route=\/wp\/v2\/pages\/77","targetHints":{"allow":["GET"]}}],"collection":[{"href":"https:\/\/tripsandtips.1free.eu\/index.php?rest_route=\/wp\/v2\/pages"}],"about":[{"href":"https:\/\/tripsandtips.1free.eu\/index.php?rest_route=\/wp\/v2\/types\/page"}],"author":[{"embeddable":true,"href":"https:\/\/tripsandtips.1free.eu\/index.php?rest_route=\/wp\/v2\/users\/1"}],"replies":[{"embeddable":true,"href":"https:\/\/tripsandtips.1free.eu\/index.php?rest_route=%2Fwp%2Fv2%2Fcomments&post=77"}],"version-history":[{"count":2,"href":"https:\/\/tripsandtips.1free.eu\/index.php?rest_route=\/wp\/v2\/pages\/77\/revisions"}],"predecessor-version":[{"id":237,"href":"https:\/\/tripsandtips.1free.eu\/index.php?rest_route=\/wp\/v2\/pages\/77\/revisions\/237"}],"wp:attachment":[{"href":"https:\/\/tripsandtips.1free.eu\/index.php?rest_route=%2Fwp%2Fv2%2Fmedia&parent=77"}],"curies":[{"name":"wp","href":"https:\/\/api.w.org\/{rel}","templated":true}]}}