{"id":73,"date":"2025-11-06T20:41:19","date_gmt":"2025-11-06T19:41:19","guid":{"rendered":"https:\/\/travelswithme73.wordpress.com\/?page_id=73"},"modified":"2025-11-06T20:53:29","modified_gmt":"2025-11-06T19:53:29","slug":"malta","status":"publish","type":"page","link":"https:\/\/tripsandtips.1free.eu\/?page_id=73","title":{"rendered":"Malta"},"content":{"rendered":"\n<p><em>Daty pobytu:<br>&gt; 12.02.2020 &#8211; 16.02.2020 (Malta)<br>&gt; 26.02.2024 &#8211; 3.03.2024 (Malta &#8211; Comino &#8211; Gozo)<\/em><\/p>\n\n\n\n<h4 class=\"wp-block-heading\"><strong>Informacje praktyczne:<\/strong><\/h4>\n\n\n\n<p><strong>&gt; J\u0119zyk:<\/strong>&nbsp;malta\u0144ski, angielski;<br><strong>&gt; Waluta:&nbsp;<\/strong>Euro;<br><strong>&gt; Gniazdka elektryczne:&nbsp;<\/strong>takie jak w Wielkiej Brytanii, nale\u017cy zatem wzi\u0105\u0107 ze sob\u0105 adapter;<br><strong>&gt; Ceny:<\/strong><br>\u2013 ceny za podstawowe produkty, jedzenie, picie itp. s\u0105 zbli\u017cone do polskich, cho\u0107 niekiedy mog\u0105 by\u0107 ta\u0144sze lub dro\u017csze;<br>\u2013&nbsp;<em>paliwo:&nbsp;<\/em>benzyna \u2013 ok. 1,34 EUR \/ litr, diesel \u2013 ok. 1,21 EUR \/ litr;<br><strong>&gt;<\/strong>&nbsp;<strong>Dokumenty:<\/strong>&nbsp;dow\u00f3d osobisty wystarczy w zupe\u0142no\u015bci;<br><strong>&gt; Ruch uliczny:<\/strong>&nbsp;lewostronny;<br><strong>&gt; Transport:<\/strong> g\u0142\u00f3wna wyspa Malty ma znakomicie rozwini\u0119t\u0105 komunikacj\u0119 miejsk\u0105. Autobusami mo\u017cna dosta\u0107 si\u0119 do praktycznie ka\u017cdej, bardziej popularnej, atrakcji.<br>Natomiast na wyspie Gozo polecam wynaj\u0105\u0107 samoch\u00f3d, gdy\u017c autobusem mo\u017cna dojecha\u0107 jedynie do niewielu atrakcji.<\/p>\n\n\n\n<h4 class=\"wp-block-heading\"><strong>Kiedy jecha\u0107?<\/strong><\/h4>\n\n\n\n<p>Na Malt\u0119 najlepiej jest jecha\u0107 kiedy jest ciep\u0142o, pogoda jeszcze dopisuje i co najwa\u017cniejsze \u2013 kiedy sezon si\u0119 powoli ko\u0144czy, poniewa\u017c wtedy ceny s\u0105 ni\u017csze, a turyst\u00f3w jest mniej.<br>Takimi miesi\u0105cami s\u0105 np. wrzesie\u0144, pa\u017adziernik.<br>Je\u017celi jest si\u0119 nastawionym g\u0142\u00f3wnie na zwiedzanie, a nie pla\u017cowanie i k\u0105panie si\u0119 w morzu, to dobrym okresem b\u0119dzie p\u00f3\u017ana zima, np. druga po\u0142owa lutego lub marzec.<\/p>\n\n\n\n<h4 class=\"wp-block-heading\"><strong>G\u0142\u00f3wne malta\u0144skie dania i napoje:<\/strong><\/h4>\n\n\n\n<p><strong>Napoje:<\/strong><br>Najpopularniejszym napojem na Malcie, kt\u00f3ry trzeba spr\u00f3bowa\u0107, jest <span style=\"text-decoration: underline\">Kinnie<\/span>. Jest to nap\u00f3j gazowany o smaku gorzkich pomara\u0144czy <em>chinotto<\/em>.<\/p>\n\n\n\n<p><strong>Dania:<\/strong><br>B\u0119d\u0105c na Malcie, warto spr\u00f3bowa\u0107 ich lokalnej pizzy. Ichniejsza pizza ma w sobie co\u015b, przez co si\u0119 wyr\u00f3\u017cnia spo\u015br\u00f3d innych pizz.<br>Innymi daniami s\u0105: <em>Ftira <\/em>(chleb na zakwasie z past\u0105 pomidorow\u0105 nadziewany r\u00f3\u017cnymi sk\u0142adnikami) oraz <em>Timpana&nbsp;<\/em>(zapiekany makaron).<\/p>\n\n\n\n<h4 class=\"wp-block-heading\"><strong>Co warto zobaczy\u0107 na ca\u0142ym archipelagu Malty?<\/strong><\/h4>\n\n\n\n<p><strong>Malta:<\/strong><\/p>\n\n\n\n<ol class=\"wp-block-list\">\n<li><strong>Narodowe Akwarium Malty<\/strong> &#8211; du\u017ce akwarium, w kt\u00f3rym znajduje si\u0119 50 zbiornik\u00f3w wodnych oraz ponad 200 gatunk\u00f3w ryb, gad\u00f3w i p\u0142az\u00f3w. Wyr\u00f3\u017cnia si\u0119 szklanymi tunelami, kt\u00f3re pozwalaj\u0105 przej\u015b\u0107 pod wod\u0105 i ogl\u0105da\u0107 np. rekiny i p\u0142aszczki, kt\u00f3re przep\u0142ywaj\u0105 obok zwiedzaj\u0105cych lub nad ich g\u0142owami.<\/li>\n\n\n\n<li><strong>Stare Miasto Mdina<\/strong> &#8211; zachwyca w\u0105skimi, \u015bredniowiecznymi uliczkami oraz architektur\u0105. Znajduje si\u0119 tu wiele zabytk\u00f3w, m.in. <em>Brama G\u0142\u00f3wna<\/em>, <em>Katedra \u015bw. Paw\u0142a<\/em> czy <em>Palazzo Falson<\/em>, przy kt\u00f3rym znajduje si\u0119 punkt widokowy na Malt\u0119.<\/li>\n\n\n\n<li><strong>Klify Dingli<\/strong> &#8211; malownicze klify stanowi\u0105ce najwy\u017cszy punkt ca\u0142ego archipelagu. Maj\u0105 one wysoko\u015b\u0107 253m n.p.m.<\/li>\n\n\n\n<li><strong>Blue Grotto<\/strong> &#8211; naturalne jaskinie morskie, do kt\u00f3rych mo\u017cna wp\u0142yn\u0105\u0107 \u0142odzi\u0105. Do morskich jaski\u0144 organizowane s\u0105 wycieczki bezpo\u015brednio z portu przez biuro.<br>Na Google Maps to biuro jest oznaczone jako &#8222;Blue Grotto Boat Service&#8221;.<\/li>\n\n\n\n<li><strong>St. Peter&#8217;s Pool<\/strong> &#8211; naturalne k\u0105pielski z krystaliczn\u0105 wodd\u0105 otoczone r\u00f3\u017cnymi formacjami skalnymi.<\/li>\n\n\n\n<li>&#8222;<strong>Hofriet Window<\/strong>&#8221; &#8211; nadmorski teren spacerowy na po\u0142udniowo-wschodnim wybrze\u017cy z widokami na zatoki i klify.<\/li>\n\n\n\n<li><strong>Valletta <\/strong>&#8211; pi\u0119kne z urokliwymi i w\u0105skimi uliczkami miasto, b\u0119d\u0105ce stolic\u0105 Malty. Znajduj\u0105 si\u0119 tutaj wisz\u0105ce ogrody Barrakka z malowniczymi widokami. <\/li>\n\n\n\n<li><strong>G\u0127adira Bay<\/strong> &#8211; popularna piaszczysta pla\u017ca.<\/li>\n\n\n\n<li><strong>Popeye Village<\/strong> &#8211; park rozrywki w&nbsp;wiosce zbudowanej na potrzeby musicalu \u201ePopeye\u201d z&nbsp;1980&nbsp;r.. Wst\u0119p do wioski jest p\u0142atny, aczkolwiek ca\u0142a wioska robi o wiele wi\u0119ksze wra\u017cenie z punktu widokowego po drugiej stronie zatoczki &#8211; &#8222;Popeye Village Viewpoint&#8221;.<\/li>\n\n\n\n<li><strong>Golden Bay<\/strong> &#8211; piaszczysta pla\u017ca nad zatok\u0105 z klifami i p\u0142ytk\u0105 wod\u0105. <\/li>\n\n\n\n<li><strong>Riviera Beach<\/strong> &#8211; piaszczysta pla\u017ca z turkusow\u0105 wod\u0105. Po drugiej stronie pla\u017cy znajduj\u0105 si\u0119 klify z gliny, do kt\u00f3rych mo\u017cna doj\u015b\u0107 wyznaczon\u0105 \u015bcie\u017ck\u0105.<\/li>\n\n\n\n<li><strong>Gnejna Beach<\/strong> &#8211; piaszczysta pla\u017ca nad zatok\u0105 z b\u0142\u0119kitn\u0105 wod\u0105.<\/li>\n\n\n\n<li><strong>Blue Hole<\/strong> &#8211; zlokalizowany na samej p\u00f3\u0142nocy g\u0142\u00f3wnej wyspy naturalny basen, zachwyca turkusow\u0105 wod\u0105 i skalistym otoczeniem.<\/li>\n<\/ol>\n\n\n\n<p><strong>Comino:<\/strong><\/p>\n\n\n\n<p>Jest to ma\u0142a wyspa zlokalizowana pomi\u0119dzy g\u0142\u00f3wn\u0105 wysp\u0105 Malty a Gozo. Mo\u017cna tu dotrze\u0107 \u0142odzi\u0105 zar\u00f3wno z g\u0142\u00f3wnej wyspy, jak i Gozo. Dodatkowo, z Gozo p\u0142ywaj\u0105 tzw. taks\u00f3wki wodne na Comino.<br>Wyspa Comino s\u0142ynie ze s\u0142ynnej, przepi\u0119knej laguny <span style=\"text-decoration: underline\">Blue Lagoon<\/span> &#8211; bajeczna zatoka o intensywnie b\u0142\u0119kitnej wodzie.<\/p>\n\n\n\n<p><strong>Gozo:<\/strong><\/p>\n\n\n\n<ol class=\"wp-block-list\">\n<li>Klify <strong>Ta\u2019 \u010aen\u010b<\/strong> &#8211; klify wznosz\u0105ce si\u0119 na wysoko\u015b\u0107 120m n.p.m..<\/li>\n\n\n\n<li><strong>Falesie di Gozo <\/strong>&#8211; inne uj\u0119cie klif\u00f3w i zatoki.<\/li>\n\n\n\n<li><strong>Xlendi View<\/strong> &#8211; miejsce widokowe na zatok\u0119, pla\u017c\u0119 Xlendi i pionowe klify.<\/li>\n\n\n\n<li><strong>Inland Sea<\/strong> &#8211; zatoka, kt\u00f3ra jest po\u0142\u0105czona z morzem za pomoc\u0105 w\u0105skiego prze\u015bwitu mi\u0119dzy ska\u0142ami i klifami.<\/li>\n\n\n\n<li><strong>\u010aittadella ta&#8217; Victoria<\/strong> &#8211; ma\u0142e ufortyfikowane miasto z cytadel\u0105 i widokami, kt\u00f3re le\u017cy w centrum <em>Rabatu<\/em>.<\/li>\n\n\n\n<li><strong>Ko\u015bci\u00f3\u0142 Ta\u2019 Pinu<\/strong> &#8211; rzymskokatolicka bazylika o neoroma\u0144skiej architekturze.<\/li>\n\n\n\n<li><strong>Wied il-Miela\u0127 Window<\/strong> &#8211; nadmorska formacja skalna przypominaj\u0105ca okno.<\/li>\n\n\n\n<li><strong>Wied il-G\u0127asri<\/strong> &#8211; nadbrze\u017cny, skalisty w\u0105w\u00f3z z turkusow\u0105 rzeczk\u0105.<\/li>\n\n\n\n<li><strong>Roman Saltpans<\/strong> &#8211; wybrze\u017ce z licznymi panwiami solnymi.<\/li>\n\n\n\n<li><strong>Sand Waves<\/strong> &#8211; ciekawe formacje z piaskowca przypominaj\u0105ce fale morskie.<\/li>\n\n\n\n<li><strong>Ramla Bay<\/strong> &#8211; piaszczysta pla\u017ca z czerwonawym piaskiem i terenem spacerowym po wybrze\u017cu.<\/li>\n\n\n\n<li><strong>Hondoq ir-Rummien<\/strong> &#8211; skalista zatoka z piaszczysto-kamienist\u0105 pla\u017c\u0105 i b\u0142\u0119kitn\u0105 wod\u0105.<\/li>\n\n\n\n<li><strong>G\u0127ajnsielem Viewpoint<\/strong> &#8211; punkt widokowy w miejscowo\u015bci G\u0127ajnsielem na port.<\/li>\n<\/ol>\n\n\n\n<h4 class=\"wp-block-heading\"><strong>Podsumowanie:<\/strong><\/h4>\n\n\n\n<p>Malta zrobi\u0142a na nas naprawd\u0119 du\u017ce wra\u017cenie poprzez malownicze klify, charakterystyczn\u0105 architektur\u0119, b\u0142\u0119kitne zatoki i pla\u017ce.<br>Je\u015bli szukasz miejsca, gdzie historia spotyka si\u0119 z natur\u0105, a s\u0142o\u0144ce \u015bwieci przez wi\u0119kszo\u015b\u0107 roku, Malta jest idealnym kierunkiem.<\/p>\n\n\n\n<p><\/p>\n","protected":false},"excerpt":{"rendered":"<p>Daty pobytu:&gt; 12.02.2020 &#8211; 16.02.2020 (Malta)&gt; 26.02.2024 &#8211; 3.03.2024 (Malta &#8211; Comino &#8211; Gozo) Informacje praktyczne: &gt; J\u0119zyk:&nbsp;malta\u0144ski, angielski;&gt; Waluta:&nbsp;Euro;&gt; Gniazdka elektryczne:&nbsp;takie jak w Wielkiej Brytanii, nale\u017cy zatem wzi\u0105\u0107 ze sob\u0105 adapter;&gt; Ceny:\u2013 ceny za podstawowe produkty, jedzenie, picie itp. s\u0105 zbli\u017cone do polskich, cho\u0107 niekiedy mog\u0105 by\u0107 ta\u0144sze lub dro\u017csze;\u2013&nbsp;paliwo:&nbsp;benzyna \u2013 ok. 1,34 EUR &#8230; <a title=\"Malta\" class=\"read-more\" href=\"https:\/\/tripsandtips.1free.eu\/?page_id=73\" aria-label=\"Dowiedz si\u0119 wi\u0119cej o Malta\">Dowiedz si\u0119 wi\u0119cej<\/a><\/p>\n","protected":false},"author":1,"featured_media":0,"parent":0,"menu_order":0,"comment_status":"closed","ping_status":"closed","template":"","meta":{"footnotes":""},"class_list":["post-73","page","type-page","status-publish"],"_links":{"self":[{"href":"https:\/\/tripsandtips.1free.eu\/index.php?rest_route=\/wp\/v2\/pages\/73","targetHints":{"allow":["GET"]}}],"collection":[{"href":"https:\/\/tripsandtips.1free.eu\/index.php?rest_route=\/wp\/v2\/pages"}],"about":[{"href":"https:\/\/tripsandtips.1free.eu\/index.php?rest_route=\/wp\/v2\/types\/page"}],"author":[{"embeddable":true,"href":"https:\/\/tripsandtips.1free.eu\/index.php?rest_route=\/wp\/v2\/users\/1"}],"replies":[{"embeddable":true,"href":"https:\/\/tripsandtips.1free.eu\/index.php?rest_route=%2Fwp%2Fv2%2Fcomments&post=73"}],"version-history":[{"count":2,"href":"https:\/\/tripsandtips.1free.eu\/index.php?rest_route=\/wp\/v2\/pages\/73\/revisions"}],"predecessor-version":[{"id":236,"href":"https:\/\/tripsandtips.1free.eu\/index.php?rest_route=\/wp\/v2\/pages\/73\/revisions\/236"}],"wp:attachment":[{"href":"https:\/\/tripsandtips.1free.eu\/index.php?rest_route=%2Fwp%2Fv2%2Fmedia&parent=73"}],"curies":[{"name":"wp","href":"https:\/\/api.w.org\/{rel}","templated":true}]}}