{"id":68,"date":"2025-11-06T20:41:04","date_gmt":"2025-11-06T19:41:04","guid":{"rendered":"https:\/\/travelswithme73.wordpress.com\/?page_id=68"},"modified":"2025-11-06T20:52:52","modified_gmt":"2025-11-06T19:52:52","slug":"hiszpania","status":"publish","type":"page","link":"https:\/\/tripsandtips.1free.eu\/?page_id=68","title":{"rendered":"Hiszpania"},"content":{"rendered":"\n<p><em>Daty pobytu:<br>&gt; 20.02.2022 &#8211; 28.02.2022 (Majorka)<br>&gt; 9.02.2025 &#8211; 23.02.2025 (Barcelona + Gran Canaria &#8211; Teneryfa &#8211; Fuerteventura &#8211; Lanzarote)<\/em><\/p>\n\n\n\n<h4 class=\"wp-block-heading\"><strong>Informacje praktyczne:<\/strong><\/h4>\n\n\n\n<p><strong>&gt; J\u0119zyk:<\/strong>&nbsp;hiszpa\u0144ski, ale te\u017c mo\u017cna si\u0119 dogada\u0107 w j\u0119zyku angielskim;<br><strong>&gt; Waluta:<\/strong>&nbsp;Euro;<br><strong>&gt; Gniazdka elektryczne:&nbsp;<\/strong>takie jak w Polsce \u2013 nie ma potrzeby zabiera\u0107 adaptera;<br><strong>&gt; Ceny:<\/strong><br>\u2013 ceny za podstawowe produkty, jedzenie, picie itp. s\u0105 zbli\u017cone do polskich,<br>\u2013&nbsp;<em>paliwo:&nbsp;<\/em>benzyna \u2013 ok. 1,60 EUR \/ litr, diesel &#8211; ok. 1,45 EUR \/ litr;<br>&gt;&nbsp;<strong>Dokumenty:<\/strong>&nbsp;dow\u00f3d osobisty wystarczy w zupe\u0142no\u015bci;<br>&gt;&nbsp;<strong>Ruch uliczny:<\/strong>&nbsp;prawostronny;<br>&gt;&nbsp;<strong>Transport:<\/strong> r\u00f3\u017cni si\u0119 w zale\u017cno\u015bci od wysp;<\/p>\n\n\n\n<h4 class=\"wp-block-heading\"><strong>Kiedy jecha\u0107?<\/strong><\/h4>\n\n\n\n<p>Generalnie, na Majork\u0119 czy na Wyspy Kanaryjskie, je\u017celi jest si\u0119 nastawionym na zwiedzanie, najlepiej jecha\u0107 p\u00f3\u017an\u0105 zim\u0105 b\u0105d\u017a wiosn\u0105. Natomiast, je\u015bli na pla\u017cowanie &#8211; najlepiej poza sezonem czyli np. wrzesie\u0144, pa\u017adziernik &#8211; wtedy ceny s\u0105 ni\u017csze, nie jest zbyt upalnie oraz nie ma t\u0142um\u00f3w ludzi na pla\u017cach.<\/p>\n\n\n\n<h4 class=\"wp-block-heading\"><strong>Kuchnia tradycyjna:<\/strong><\/h4>\n\n\n\n<p>Potrawami, kt\u00f3re warto spr\u00f3bowa\u0107, b\u0119d\u0105c w Hiszpanii, s\u0105 m.in.:<br>&gt; <strong><em>Paella<\/em><\/strong> &#8211; danie zawieraj\u0105ce ry\u017c oraz owoce morza;<br>&gt; <strong>Gazpacho <\/strong>&#8211; zupa podawana na zimno, idealna na upalne dni;<br>&gt; <strong>Tortilla de patatas<\/strong> &#8211; hiszpa\u0144ski omlet z ziemniakami, wygl\u0105dem przypomina gruby placek;<\/p>\n\n\n\n<h4 class=\"wp-block-heading\"><strong>Sprawozdanie z wypraw:<\/strong><\/h4>\n\n\n\n<p>Majork\u0119 oraz cztery wyspy Kanaryjskie w ca\u0142o\u015bci objechali\u015bmy wypo\u017cyczonym samochodem.<br>W Barcelonie zobaczyli\u015bmy jedynie s\u0142ynn\u0105 bazylik\u0119 <em>Sagrada Familia<\/em>, poniewa\u017c w Barcelonie przesiadali\u015bmy si\u0119 na samolot na Gran Canari\u0119, a jako \u017ce mieli\u015bmy 4h na przesiadk\u0119, wykorzystali\u015bmy ten czas w\u0142a\u015bnie na zobaczenie Sagrady Familii.<\/p>\n\n\n\n<h6 class=\"wp-block-heading\"><strong>Majorka:<\/strong><\/h6>\n\n\n\n<p>Na Majorce transport publiczny obejmuje tramwaje, autobusy i poci\u0105gi, zatem przemieszczanie si\u0119 pomi\u0119dzy miastami bez wypo\u017cyczonego samochodu nie powinno by\u0107 trudne, ale oczywi\u015bcie samochodem jest wygodniej.<br>Oto co warto zobaczy\u0107 na Majorce:<\/p>\n\n\n\n<ol class=\"wp-block-list\">\n<li><strong>Cuevas del Drach<\/strong> &#8211; przepi\u0119kna jaskinia krasowa, w kt\u00f3rej znajduje si\u0119 jedno z najwi\u0119kszych podziemnych jezior na \u015bwiecie. Zwiedzanie jaskini zajmuje ok. 1h, a bilety wst\u0119pu kosztuj\u0105<br>15 EUR za osob\u0119.<\/li>\n\n\n\n<li>Zatoka <strong>Cala Antena<\/strong>.<\/li>\n\n\n\n<li><strong>Klasztor<\/strong> <strong>Sant Salvador<\/strong> &#8211; po\u0142o\u017cony jest na wzg\u00f3rzu o wysoko\u015bci 509m n.p.m., mo\u017cna z niego podziwia\u0107 panoramiczne widoki. Na szczyt prowadzi bardzo kr\u0119ta droga.<\/li>\n\n\n\n<li><strong>Es Pontas<\/strong> &#8211; naturalny mostek skalny.<\/li>\n\n\n\n<li><strong>Pla\u017ca Es Trenc<\/strong> &#8211; jedna z najpi\u0119kniejszych pla\u017c na Majorce &#8211; jest ona piaszczysta, szeroka i bardzo d\u0142uga.<\/li>\n\n\n\n<li><strong>Palma de Mallorca<\/strong> &#8211; stolica Majorki. Znajduje si\u0119 tutaj s\u0142ynna gotycka katedra, a przed ni\u0105 znajduje si\u0119 park.<\/li>\n\n\n\n<li><strong>Castell de Bellver<\/strong> &#8211; okr\u0105g\u0142y XIV-wieczny zamek, z kt\u00f3rego mo\u017cna podziwia\u0107 widok na stolic\u0119.<\/li>\n\n\n\n<li>Wyspa <strong>Sa Dragonera <\/strong>&#8211; dla os\u00f3b lubi\u0105cych trekking po g\u00f3rach, polecam przej\u015b\u0107 si\u0119<br>3-kilometrowym szlakiem prowadz\u0105cym na punkt widokowy <em>La Trapa<\/em>, z kt\u00f3rego mo\u017cna podziwia\u0107 panoram\u0119 na ow\u0105 wysp\u0119 oraz na zachodnie wybrze\u017ce Majorki.<br>Pocz\u0105tek szlaku znajduje si\u0119 mniej wi\u0119cej na koordynatach <strong>39\u00b034&#8217;55.6&#8243;N 2\u00b022&#8217;09.3&#8243;E<\/strong>, niedaleko miejscowo\u015bci <em>Andratx<\/em>.<\/li>\n\n\n\n<li>Punkty widokowe na pobliskie skalne wysepki oraz morze:<br><strong>Mirador de les Malgrats <\/strong>i <strong>Mirador El Toro<\/strong>.<\/li>\n\n\n\n<li><strong>Valldemosa <\/strong>&#8211; malownicza miejscowo\u015b\u0107 po\u0142o\u017cona w g\u00f3rach na zachodniej cz\u0119\u015bci wyspy, w kt\u00f3rej znajduje si\u0119 m.in. dawny klasztor kartuz\u00f3w.<\/li>\n\n\n\n<li><strong>S\u00f3ller <\/strong>&#8211; kolejna urokliwa miejscowo\u015b\u0107, kt\u00f3ra s\u0142ynie z pomara\u0144czy. Obowi\u0105zkowo trzeba spr\u00f3bowa\u0107 lod\u00f3w i sorbetu o smaku pomara\u0144czowym.<br>Te najlepsze sprzedawane s\u0105 w \u201eSa Fabrica de Gelats\u201d.<\/li>\n\n\n\n<li><strong>Port de S\u00f3ller<\/strong> &#8211; portowe miasteczko nad zatok\u0105 po\u0142o\u017cona za g\u00f3rami. Do tej miejscowo\u015bci kursuje zabytkowy tramwaj z S\u00f3ller.<\/li>\n\n\n\n<li><strong>Nus de sa Corbata <\/strong>&#8211; punkt widokowy na g\u00f3ry i bardzo kr\u0119t\u0105 drog\u0119.<\/li>\n\n\n\n<li><strong>Przyl\u0105dek Formentor<\/strong> &#8211; na to miejsce warto jest przeznaczy\u0107 ca\u0142y dzie\u0144, gdy\u017c w obr\u0119bie tego przyl\u0105dka znajduje si\u0119 wiele ciekawych punkt\u00f3w widokowych oraz pi\u0119kna pla\u017ca <strong>Platja de Formentor<\/strong>. <\/li>\n\n\n\n<li>Pla\u017ca <strong>Platja de Muro<\/strong>.<\/li>\n\n\n\n<li><strong>Castell de Capdepera<\/strong> &#8211; du\u017cy zamek z malowniczymi widokami na okolic\u0119 i miejscowo\u015b\u0107 <em>Capdepera<\/em>. Wst\u0119p do zamku kosztuje 4 EUR.<\/li>\n\n\n\n<li>Turkusowa zatoczka <strong>Cala Gat<\/strong>.<\/li>\n<\/ol>\n\n\n\n<h6 class=\"wp-block-heading\"><strong>Wyspy Kanaryjskie:<\/strong><\/h6>\n\n\n\n<p>Na ka\u017cdej wyspie jest dobrze rozwini\u0119ta sie\u0107 po\u0142\u0105cze\u0144 autobusowych. Dodatkowo, po stolicy Teneryfy mo\u017cna si\u0119 porusza\u0107 tramwajem.<br>Jednak, aby zwiedzi\u0107 jak najwi\u0119cej, warto jest wynaj\u0105\u0107 samoch\u00f3d. Drogi na wyspach s\u0105 zadbane i<br>w bardzo dobrym stanie.<br>Oto co warto zobaczy\u0107 na poszczeg\u00f3lnej wyspie:<\/p>\n\n\n\n<p><strong>Gran Canaria:<\/strong><\/p>\n\n\n\n<ol class=\"wp-block-list\">\n<li><strong>Cenobio de Valer\u00f3n<\/strong> &#8211; jaskinia i widok na p\u00f3\u0142nocne wybrze\u017ce.<\/li>\n\n\n\n<li><strong>Sardina del Norte<\/strong> &#8211; pla\u017ca otoczona klifami, na kt\u00f3rej mo\u017cna spotka\u0107 kraby.<\/li>\n\n\n\n<li><strong>Mirador del Balcon<\/strong> &#8211; punkt widokowy na szczycie grupy klif\u00f3w nazywanych &#8222;ogonem smoka&#8221;.<\/li>\n\n\n\n<li><strong>Mirador de San Nicol\u00e1s<\/strong> &#8211; punkt widokowy na ma\u0142\u0105 miejscowo\u015b\u0107 <em>La Aldea<\/em> oraz na skaliste g\u00f3ry.<\/li>\n\n\n\n<li><strong>Charcos de Los Azulejos<\/strong> &#8211; naturalny basen i kolorowe wulkaniczne formacje skalne, kt\u00f3re s\u0105 efektem utleniania \u017celaza i miedzi.<\/li>\n\n\n\n<li><strong>Puerto de Mog\u00e1n<\/strong> &#8211; malownicza ma\u0142a nadmorska miejscowo\u015b\u0107 po\u0142o\u017cona na po\u0142udniowym wybrze\u017cu wyspy.<\/li>\n\n\n\n<li><strong>Dunes of Maspalomas<\/strong> &#8211; ogromny rezerwat z wydmami, przypominaj\u0105cy pustyni\u0119.<\/li>\n\n\n\n<li>W\u0105w\u00f3z <strong>Barranco de las Vacas<\/strong>.<\/li>\n\n\n\n<li><strong>Parroquia de San Juan Bautista<\/strong> &#8211; du\u017cy ko\u015bci\u00f3\u0142 zbudowany w stylu roma\u0144skim. Znajduje si\u0119 w miejscowo\u015bci <em>Arucas<\/em>.<br>B\u0119d\u0105c w miejscowo\u015bci Arucas, polecam zaj\u015b\u0107 do miejscowej destylarni Arehucas, kt\u00f3r\u0105 mo\u017cna zwiedzi\u0107 za darmo i zakupi\u0107 tutaj lokalny rum.<\/li>\n\n\n\n<li>Malowniczy pasa\u017c <strong>Paseo de Canarias<\/strong> w miejscowo\u015bci <em>Firgas<\/em>.<\/li>\n\n\n\n<li><strong>Mirador Astron\u00f3mico de Pinos de G\u00e1ldar<\/strong> &#8211; punkt widokowy na g\u00f3ry i krater.<\/li>\n\n\n\n<li><strong>Artenara <\/strong>oraz <strong>Tejeda <\/strong>&#8211; wioski po\u0142o\u017cone w g\u00f3rach z punktami widokowymi na okoliczne g\u00f3ry i doliny.<\/li>\n\n\n\n<li><strong>Pico de las Nieves<\/strong> &#8211; najwy\u017cszy szczyt Gran Canarii wznosz\u0105cy si\u0119 na wysoko\u015b\u0107 1949m n.p.m.. Na sam szczyt mo\u017cna bezpiecznie i wygodnie wjecha\u0107 samochodem.<\/li>\n\n\n\n<li><strong>Caldera de Bandama<\/strong> &#8211; krater, na dnie kt\u00f3rego znajduje si\u0119 opuszczona osada. <\/li>\n\n\n\n<li><strong>Playa de las Canteras<\/strong> &#8211; g\u0142\u00f3wna pla\u017ca wyspy po\u0142o\u017cona przy stolicy, czyli <em>Las Palmas<\/em>.<\/li>\n\n\n\n<li><strong>Jard\u00edn Bot\u00e1nico Canario Viera y Clavijo<\/strong> &#8211; ogr\u00f3d botaniczny z r\u00f3\u017cnymi gatunkami ro\u015blin, w tym: kaktusami i drzewami.<\/li>\n<\/ol>\n\n\n\n<p><strong>Teneryfa:<\/strong><\/p>\n\n\n\n<ol class=\"wp-block-list\">\n<li><strong>Park Narodowy Anaga<\/strong> &#8211; dzika, zielona cz\u0119\u015b\u0107 Teneryfy o niezwyk\u0142ej przyrodzie, z kr\u0119tymi drogami i malowniczymi widokami.<\/li>\n\n\n\n<li><strong>Playa de Las Teresitas<\/strong> &#8211; piaszczysta pla\u017ca z turkusow\u0105 wod\u0105 u podn\u00f3\u017ca g\u00f3r parku Anaga.<\/li>\n\n\n\n<li><strong>Punta de Teno<\/strong> &#8211; najdalej na zach\u00f3d wysuni\u0119ty punkt wyspy.<\/li>\n\n\n\n<li><strong>Mirador Altos de Baracan<\/strong> &#8211; punkt widokowy na zachodnie g\u00f3ry.<\/li>\n\n\n\n<li><strong>Masca <\/strong>&#8211; jedna z najpopularniejszych (opr\u00f3cz wulkanu Teide) destynacji na Teneryfie.<br>Jest to ma\u0142a miejscowo\u015b\u0107 po\u0142o\u017cona na zboczu g\u00f3r z panoramicznymi widokami i kanionem o takiej samej nazwie.<\/li>\n\n\n\n<li><strong>Playa de los Guios <\/strong>&#8211; ma\u0142a pla\u017ca ze stromymi klifami, po\u0142o\u017cona w miejscowo\u015bci <em>Los Gigantes<\/em>.<\/li>\n\n\n\n<li>Piaszczysta pla\u017ca <strong>Playa del Duque<\/strong>.<\/li>\n\n\n\n<li><strong>Park Narodowy Teide <\/strong>&#8211; niezwyk\u0142y krajobraz wulkaniczny, przypominaj\u0105cy ksi\u0119\u017cyc. Znajduje si\u0119 tu wulkan Teide, b\u0119d\u0105cy najwy\u017cszym szczytem zar\u00f3wno Teneryfy, jak i ca\u0142ej Hiszpanii, wznosz\u0105cy si\u0119 na wysoko\u015b\u0107 3715m n.p.m.. Na terenie tego parku znajduje si\u0119 kilka ciekawych miejsc:<br>&#8211; <strong>Mirador de Chipeque<\/strong> (punkt widokowy na wulkan Teide);<br>&#8211; <strong>Portillo Alto<\/strong>;<br>&#8211;<strong> Minas de San Jose<\/strong>;<br>&#8211; <strong>Roques de Garcia<\/strong> (wulkaniczne formacje skalne); <br>&#8211; <strong>Pino Gordo<\/strong> (kilkusetletnia sosna kanaryjska);<\/li>\n\n\n\n<li><strong>Playa de la Tejita<\/strong> &#8211; piaszczysta pla\u017ca obok ma\u0142ego wulkanu <strong>Montana Roja<\/strong> (150m n.p.m.).<\/li>\n\n\n\n<li>Zatoka i pla\u017ca <strong>Playa Grande<\/strong>.<\/li>\n\n\n\n<li><strong>Playa de los Roques de Fasnia<\/strong> &#8211; pla\u017ca otoczona wulkanicznymi ska\u0142ami w miejscowo\u015bci <em>Fasnia<\/em>.<\/li>\n\n\n\n<li><strong>Marquesado de la Quinta Roja Garden<\/strong> &#8211; park po\u0142o\u017cony na zboczu wzg\u00f3rza z fontannami, kwiatami, mauzoleum i panoramicznymi widokami na morze i miejscowo\u015b\u0107 <em>La Orotava<\/em>.<\/li>\n\n\n\n<li><strong>Playa del Castillo<\/strong> &#8211; pla\u017ca z czarnym piaskiem w mie\u015bcie <em>Puerto de la Cruz<\/em>.<\/li>\n\n\n\n<li><strong>Paisaje Protegido de la Rambla de Castro<\/strong> &#8211; nadmorski teren spacerowy i tzw. gaj palmowy.<\/li>\n\n\n\n<li><strong>Parque del Drago<\/strong> &#8211; ogr\u00f3d botaniczny ze s\u0142ynnym smoczym drzewem.<\/li>\n\n\n\n<li><strong>Mirador del Emigrante<\/strong> &#8211; punkt widokowy od strony zachodniej na ma\u0142\u0105 nadmorsk\u0105 miejscowo\u015b\u0107 <em>Garachico<\/em>. <\/li>\n\n\n\n<li><strong>Mirador El Lagarito<\/strong> &#8211; punkt widokowy z g\u00f3ry na ma\u0142\u0105 nadmorsk\u0105 miejscowo\u015b\u0107 <em>Garachico<\/em>.<\/li>\n<\/ol>\n\n\n\n<p><strong>Fuerteventura:<\/strong><\/p>\n\n\n\n<ol class=\"wp-block-list\">\n<li><strong>Mirador de Cofete<\/strong> &#8211; punkt widokowy na po\u0142udniowo-wschodniej cz\u0119\u015bci wyspy na wybrze\u017ce i pla\u017c\u0119 Cofete.<\/li>\n\n\n\n<li>Pla\u017ca i zatoka <strong>Juan Gomez<\/strong>.<\/li>\n\n\n\n<li><strong>Morro Jable<\/strong> &#8211; nadmorska miejscowo\u015b\u0107, w kt\u00f3rej znajduje si\u0119 pi\u0119kna piaszczysta pla\u017ca <strong>Playa del Matorral<\/strong> oraz punkt widokowy na t\u0119 pla\u017c\u0119 &#8211; <strong>Mirador de Morro Jable<\/strong>.<\/li>\n\n\n\n<li>Du\u017ca i piaszczysta pla\u017ca <strong>Playa Del Mal Nombre<\/strong>.<\/li>\n\n\n\n<li><strong>Playa de Sotavento de Jand\u00eda <\/strong>&#8211; piaszczysta pla\u017ca, na kt\u00f3rej znajduj\u0105 si\u0119 r\u00f3wnie\u017c du\u017ce wydmy.<\/li>\n\n\n\n<li><strong>Puertito de los Molinos<\/strong> &#8211; ma\u0142a miejscowo\u015b\u0107 na zachodnim wybrze\u017cu z pla\u017c\u0105 oraz klifami.<\/li>\n\n\n\n<li><strong>Mirador de Guise y Ayose<\/strong> &#8211; punkt widokowy na nieziemski krajobraz wyspy ze s\u0142ynnymi pos\u0105gami.<\/li>\n\n\n\n<li><strong>Mirador de Las Pe\u00f1itas<\/strong> &#8211; punkt widokowy na pustynne g\u00f3ry i w\u0105w\u00f3z Las Pe\u00f1itas.<\/li>\n\n\n\n<li><strong>Barranco de Las Pe\u00f1itas<\/strong> &#8211; malowniczy w\u0105w\u00f3z.<\/li>\n\n\n\n<li><strong>Ajuy<\/strong> &#8211; nadmorska miejscowo\u015b\u0107, w kt\u00f3rej znajduje si\u0119 pla\u017ca oraz teren spacerowy po klifach nad samym wybrze\u017cem, kt\u00f3rym mo\u017cna doj\u015b\u0107 do jaskini morskich.<\/li>\n\n\n\n<li><strong>Mirador Astron\u00f3mico de Sicasumbre<\/strong> &#8211; punkt widokowy na pustynne g\u00f3ry i doliny.<\/li>\n\n\n\n<li>El Cotillo &#8211; ma\u0142a nadmorska miejscowo\u015b\u0107, w okolicy kt\u00f3rej znajduje si\u0119:<br>&#8211; punkt widokowy na ow\u0105 miejscowo\u015b\u0107 i ocean <strong>Mirador Alto Grande<\/strong>.<br>&#8211;<strong> La Concha<\/strong> &#8211; piaszczysta pla\u017ca i zatoczka.<br>&#8211; <strong>Playa de Los Charcos<\/strong> &#8211; pla\u017ca z krystaliczn\u0105 wod\u0105 i naturalnymi basenami po\u015br\u00f3d wulkanicznych ska\u0142.<\/li>\n\n\n\n<li><strong>Calder\u00f3n Hondo<\/strong> &#8211; krater najwi\u0119kszego wulkanu na wyspie. Nad sam krater trzeba doj\u015b\u0107 szlakiem z parkingu, kt\u00f3ry liczy ok. 700m w jedn\u0105 stron\u0119.<\/li>\n\n\n\n<li><strong>Playa del Bajo de la Burra<\/strong> &#8211; tzw. Popcorn Beach &#8211; pla\u017ca na p\u00f3\u0142nocnym wybrze\u017cu, kt\u00f3ra jest znana z &#8222;kamyczk\u00f3w&#8221; w kszta\u0142cie popcornu&#8230; w rzeczywisto\u015bci s\u0105 to koralowce.<br>Warto mie\u0107 na uwadze, i\u017c obowi\u0105zuje zakaz wywo\u017cenia stamt\u0105d owych koralowc\u00f3w.<\/li>\n\n\n\n<li><strong>Parque Natural de Corralejo<\/strong> &#8211; znajduj\u0105 si\u0119 tutaj pustynne g\u00f3rki, rozleg\u0142e wydmy oraz du\u017ca liczba piaszczystych pla\u017c.<\/li>\n<\/ol>\n\n\n\n<p><strong>Lanzarote:<\/strong><\/p>\n\n\n\n<ol class=\"wp-block-list\">\n<li><strong>Playa de Papagayo<\/strong> &#8211; piaszczysta pla\u017ca z ma\u0142ymi wulkanicznymi i pustynnymi klifami i ska\u0142ami.<br>Na pla\u017c\u0119 prowadzi gruntowa droga. W po\u0142owie drogi znajduje si\u0119 budka, w kt\u00f3rej trzeba kupi\u0107 bilety, jednak nie p\u0142aci si\u0119 za osob\u0119, a za samoch\u00f3d &#8211; 3 EUR.<\/li>\n\n\n\n<li><strong>El Lago Verde \/ Charco de los Clicos<\/strong> &#8211; znajduje si\u0119 tutaj tzw. &#8222;Zielone Jeziorko&#8221; znajduj\u0105ce si\u0119 na powierzchni krateru, kt\u00f3ry jest cz\u0119\u015bciowo po\u0142\u0105czony z oceanem.<\/li>\n\n\n\n<li><strong>Playa de Monta\u00f1a Bermeja<\/strong> &#8211; pla\u017ca po\u015br\u00f3d wulkanicznych ska\u0142 i zaschni\u0119tej lawy po\u0142o\u017cona przy wulkanie o takiej samej nazwie.<\/li>\n\n\n\n<li><strong>Los Hervideros<\/strong> &#8211; skaliste, wulkaniczne wybrze\u017ce z jaskiniami morskimi.<\/li>\n\n\n\n<li><strong>Parque Nacional de Timanfaya<\/strong> &#8211; wizyt\u00f3wka Lanzarote, jedno z najbardziej unikalnych miejsc. Wst\u0119p do parku kosztuje 22 EUR za osob\u0119 doros\u0142\u0105&#8230; troch\u0119 drogo, ale naprawd\u0119 warto.<br>Park s\u0142ynie z nieziemskiego wulkanicznego krajobrazu z licznymi wulkanami i kraterami, pokaz\u00f3w geotermalnych, takich jak spontaniczne zapalanie si\u0119 ga\u0142\u0119zi wrzuconych do do\u0142\u00f3w czy gejzery tworzone przez wlewanie wody do szczelin. Centrum parku znajduje si\u0119 na jedynym aktywnym wulkanie na wyspie. Dodatkowo, w cenie jest przejazd autobusem dooko\u0142a parku. Autobus zatrzymuje si\u0119 w niekt\u00f3rych miejscach, jednak wysiadanie jest zabronione. Ca\u0142kowita trasa przejazdu liczy ok. 10km.<br><strong>UWAGA: <\/strong>Park jest otwierany o godzinie 9:00, ale ju\u017c o tej godzinie s\u0105 spore kolejki pod bram\u0105 wjazdow\u0105. Zatem, najlepiej jest przyjecha\u0107 tutaj wcze\u015bniej &#8211; nawet godzin\u0119 wcze\u015bniej, aby p\u00f3\u017aniej nie sta\u0107 nawet 2h w kolejce. <\/li>\n\n\n\n<li><strong>La Geria<\/strong> &#8211; ma\u0142a miejscowo\u015b\u0107 s\u0142yn\u0105ca z wina, posiadaj\u0105ca unikalny i charakterystyczny krajobraz. Znajduje si\u0119 tutaj r\u00f3wnie\u017c winnica, do kt\u00f3rej wst\u0119p jest za darmo oraz mo\u017cna spr\u00f3bowa\u0107 lokalnego wina i kupi\u0107 pami\u0105tki.<\/li>\n\n\n\n<li><strong>Caldera de Los Cuervos<\/strong> &#8211; krater wulkaniczny, do \u015brodka kt\u00f3rego prowadzi szlak turystyczny biegn\u0105cy przez ja\u0142owy, lawowy krajobraz.<\/li>\n\n\n\n<li><strong>Playa de Famara<\/strong> &#8211; du\u017ca piaszczysta pla\u017ca ze spektakularnymi widokami.<\/li>\n\n\n\n<li><strong>Mirador de El Risco<\/strong> <strong>de Famara<\/strong> &#8211; punkt widokowy na pla\u017c\u0119 Famara zlokalizowany na masywie, b\u0119d\u0105cym najwy\u017cszym punktem wyspy.<\/li>\n\n\n\n<li><strong>Mirador de Guinate<\/strong> &#8211; punkt widokowy na p\u00f3\u0142nocno-zachodnie wybrze\u017ce i wysp\u0119 <em>La Graciosa<\/em>.<\/li>\n\n\n\n<li><strong>Playa de la Canteria<\/strong> &#8211; piaszczysta pla\u017ca u podn\u00f3\u017ca klif\u00f3w z wulkanicznymi ska\u0142ami.<\/li>\n\n\n\n<li><strong>Calet\u00f3n Blanco<\/strong> &#8211; malownicza pla\u017ca na p\u00f3\u0142nocy wyspy znana z kontrastu mi\u0119dzy bia\u0142ym piaskiem a czarnymi ska\u0142ami wulkanicznymi. Tworz\u0105 one naturalne, spokojne baseny wodne. <\/li>\n\n\n\n<li><strong>Jameos del Agua<\/strong> &#8211; wulkaniczny tunel i jaskinie z podziemnym s\u0142onym jeziorem. Bilet wst\u0119pu do tego kompleksu kosztuje 15 EUR za osob\u0119.<\/li>\n<\/ol>\n\n\n\n<h4 class=\"wp-block-heading\"><strong>Podsumowanie:<\/strong><\/h4>\n\n\n\n<p>M\u00f3wi\u0105c szczerze, wyjazd na Wyspy Kanaryjskie by\u0142 jednym z najlepszych naszych wyjazd\u00f3w. Ka\u017cda wyspa oferowa\u0142a kompletnie inne wra\u017cenia, atrakcje oraz krajobrazy. <em><strong>Fuerteventura <\/strong><\/em>to pustynia, wulkany i rozleg\u0142e piaszczyste pla\u017ce z krystaliczn\u0105 wod\u0105; <em><strong>Lanzarote <\/strong><\/em>&#8211; wyspa wulkan\u00f3w, na kt\u00f3rej znajduje si\u0119 ich ponad 200 z surowymi polami zastyg\u0142ej lawy; <em><strong>Gran Canaria<\/strong><\/em> &#8211; g\u00f3rzysta i skalista wyspa, kt\u00f3ra zaskoczy\u0142a swoj\u0105 r\u00f3\u017cnorodno\u015bci\u0105: p\u00f3\u0142nocna cz\u0119\u015b\u0107 jest zielona i zalesiona, podczas gdy po\u0142udniowa &#8211; sucha i pustynna; <em><strong>Teneryfa <\/strong><\/em>&#8211; najwi\u0119ksza wyspa ca\u0142ego archipelagu z majestatycznym wulkanem i parkiem narodowym <em>Teide <\/em>oraz egzotyczn\u0105 i bujn\u0105 ro\u015blinno\u015bci\u0105 &#8211; zw\u0142aszcza w parku <em>Anaga<\/em>.<\/p>\n\n\n\n<p>Ten r\u00f3\u017cnorodny i g\u00f3rzysty krajobraz sprawia, \u017ce chce si\u0119 tu wr\u00f3ci\u0107 i odkry\u0107 pozosta\u0142e wyspy tego archipelagu.<\/p>\n\n\n\n<p><\/p>\n","protected":false},"excerpt":{"rendered":"<p>Daty pobytu:&gt; 20.02.2022 &#8211; 28.02.2022 (Majorka)&gt; 9.02.2025 &#8211; 23.02.2025 (Barcelona + Gran Canaria &#8211; Teneryfa &#8211; Fuerteventura &#8211; Lanzarote) Informacje praktyczne: &gt; J\u0119zyk:&nbsp;hiszpa\u0144ski, ale te\u017c mo\u017cna si\u0119 dogada\u0107 w j\u0119zyku angielskim;&gt; Waluta:&nbsp;Euro;&gt; Gniazdka elektryczne:&nbsp;takie jak w Polsce \u2013 nie ma potrzeby zabiera\u0107 adaptera;&gt; Ceny:\u2013 ceny za podstawowe produkty, jedzenie, picie itp. s\u0105 zbli\u017cone do polskich,\u2013&nbsp;paliwo:&nbsp;benzyna &#8230; <a title=\"Hiszpania\" class=\"read-more\" href=\"https:\/\/tripsandtips.1free.eu\/?page_id=68\" aria-label=\"Dowiedz si\u0119 wi\u0119cej o Hiszpania\">Dowiedz si\u0119 wi\u0119cej<\/a><\/p>\n","protected":false},"author":1,"featured_media":0,"parent":0,"menu_order":0,"comment_status":"closed","ping_status":"closed","template":"","meta":{"footnotes":""},"class_list":["post-68","page","type-page","status-publish"],"_links":{"self":[{"href":"https:\/\/tripsandtips.1free.eu\/index.php?rest_route=\/wp\/v2\/pages\/68","targetHints":{"allow":["GET"]}}],"collection":[{"href":"https:\/\/tripsandtips.1free.eu\/index.php?rest_route=\/wp\/v2\/pages"}],"about":[{"href":"https:\/\/tripsandtips.1free.eu\/index.php?rest_route=\/wp\/v2\/types\/page"}],"author":[{"embeddable":true,"href":"https:\/\/tripsandtips.1free.eu\/index.php?rest_route=\/wp\/v2\/users\/1"}],"replies":[{"embeddable":true,"href":"https:\/\/tripsandtips.1free.eu\/index.php?rest_route=%2Fwp%2Fv2%2Fcomments&post=68"}],"version-history":[{"count":2,"href":"https:\/\/tripsandtips.1free.eu\/index.php?rest_route=\/wp\/v2\/pages\/68\/revisions"}],"predecessor-version":[{"id":235,"href":"https:\/\/tripsandtips.1free.eu\/index.php?rest_route=\/wp\/v2\/pages\/68\/revisions\/235"}],"wp:attachment":[{"href":"https:\/\/tripsandtips.1free.eu\/index.php?rest_route=%2Fwp%2Fv2%2Fmedia&parent=68"}],"curies":[{"name":"wp","href":"https:\/\/api.w.org\/{rel}","templated":true}]}}