{"id":65,"date":"2025-11-06T20:40:37","date_gmt":"2025-11-06T19:40:37","guid":{"rendered":"https:\/\/travelswithme73.wordpress.com\/?page_id=65"},"modified":"2025-11-06T20:52:02","modified_gmt":"2025-11-06T19:52:02","slug":"grecja","status":"publish","type":"page","link":"https:\/\/tripsandtips.1free.eu\/?page_id=65","title":{"rendered":"Grecja"},"content":{"rendered":"\n<p><em>Daty pobytu:<br>&gt; 28.08.2022 &#8211; 8.09.2022 (Rodos &#8211; Nisyros &#8211; Gyali &#8211; Kos)<br>&gt; 2.09.2023 &#8211; 13.09.2023 (Zakynthos &#8211; Kefalonia)<\/em><\/p>\n\n\n\n<h4 class=\"wp-block-heading\"><strong>Informacje praktyczne:<\/strong><\/h4>\n\n\n\n<p><strong>&gt; J\u0119zyk:<\/strong>&nbsp;grecki, ale te\u017c mo\u017cna si\u0119 dogada\u0107 w j\u0119zyku angielskim;<br><strong>&gt; Waluta:<\/strong>&nbsp;Euro;<br><strong>&gt; Gniazdka elektryczne:&nbsp;<\/strong>takie jak w Polsce \u2013 nie ma potrzeby zabiera\u0107 adaptera;<br><strong>&gt; Ceny:<\/strong><br>\u2013 ceny za podstawowe produkty, jedzenie, picie itp. s\u0105 zbli\u017cone do polskich,<br>\u2013&nbsp;<em>paliwo:&nbsp;<\/em>diesel i benzyna \u2013 ok. 1,73 EUR \/ litr;<br>&gt;&nbsp;<strong>Dokumenty:<\/strong>&nbsp;dow\u00f3d osobisty wystarczy w zupe\u0142no\u015bci;<br>&gt;&nbsp;<strong>Ruch uliczny:<\/strong>&nbsp;prawostronny;<br><strong>&gt; Transport:<\/strong> na wi\u0119kszych wyspach komunikacja miejska jest dobrze rozwini\u0119ta, cho\u0107 wyspy najlepiej jest zwiedza\u0107 wypo\u017cyczonym samochodem ze wzgl\u0119du chocia\u017cby na wygod\u0119.<br>Kierowcy lokalni w Grecji je\u017cd\u017c\u0105 zazwyczaj ostro\u017cnie, cho\u0107 zdarzaj\u0105 si\u0119 tacy, kt\u00f3rzy wymuszaj\u0105 pierwsze\u0144stwo czy si\u0119 wpychaj\u0105. Zatem poruszanie si\u0119 wypo\u017cyczonym samochodem nie powinno by\u0107 problematyczne i uci\u0105\u017cliwe.<\/p>\n\n\n\n<h4 class=\"wp-block-heading\"><strong>Kiedy jecha\u0107?<\/strong><\/h4>\n\n\n\n<p>Do Grecji najlepiej jest jecha\u0107 kiedy jest ciep\u0142o, pogoda jeszcze dopisuje i co najwa\u017cniejsze \u2013 kiedy sezon si\u0119 powoli ko\u0144czy, poniewa\u017c wtedy ceny s\u0105 ni\u017csze, a turyst\u00f3w jest mniej.<br>Takimi miesi\u0105cami s\u0105 np. wrzesie\u0144, pa\u017adziernik.<\/p>\n\n\n\n<h4 class=\"wp-block-heading\"><strong>Kuchnia tradycyjna:<\/strong><\/h4>\n\n\n\n<p>Potrawami, kt\u00f3re warto spr\u00f3bowa\u0107, b\u0119d\u0105c w Grecji, s\u0105 m.in.:<br>&gt; <strong><em>Souvlaki&nbsp;<\/em><\/strong>&#8211; greckie grillowane szasz\u0142yki z mi\u0119sa wieprzowego albo kurczaka;<br>&gt; <strong><em>Gyros <\/em>pita<\/strong> &#8211; grecki fastfood \/ kebab &#8211; danie z mi\u0119sem z ro\u017cna, warzywami, sosem, frytkami zawini\u0119te w placek pita;<br>&gt; <strong><em>Spanakopita <\/em><\/strong>&#8211; wytrawny placek, w kt\u00f3ry zawini\u0119ty jest farsz ze szpinaku;<br>&gt; <strong><em>Fasolatha <\/em><\/strong>&#8211; zupa z bia\u0142ej fasoli; <br>&gt; <strong><em>Baklava <\/em><\/strong>&#8211; s\u0142odki deser, ciasto filo prze\u0142o\u017cone mas\u0105 orzechow\u0105 (najcz\u0119\u015bciej pistacjami);<br>&gt;&nbsp;<strong><em>Tzatziki&nbsp;<\/em><\/strong>\u2013 jogurtowy sos z og\u00f3rkiem i czosnkiem oraz z dodatkiem oliwy z oliwek;<\/p>\n\n\n\n<h4 class=\"wp-block-heading\"><strong>Sprawozdanie z wypraw:<\/strong><\/h4>\n\n\n\n<p>Ka\u017cd\u0105 wysp\u0119 (z wyj\u0105tkiem Gyali) zwiedzali\u015bmy wypo\u017cyczonym samochodem i uda\u0142o si\u0119 ka\u017cd\u0105 wysp\u0119 zwiedzi\u0107 w ca\u0142o\u015bci.<br>Mi\u0119dzy wyspami poruszali\u015bmy si\u0119 promami &#8211; ceny za bilety by\u0142y przyst\u0119pne.<br>Oto co warto zobaczy\u0107 i zwiedzi\u0107 na ka\u017cdej z wysp:<\/p>\n\n\n\n<h6 class=\"wp-block-heading\"><strong>Rodos:<\/strong><\/h6>\n\n\n\n<ol class=\"wp-block-list\">\n<li><strong>\u015aredniowieczne miasto Rodos<\/strong> &#8211; jego mury obronne otaczaj\u0105 labirynt uliczek, plac\u00f3w i zabytk\u00f3w jak chocia\u017cby:<em> Zamek Wielkich Mistrz\u00f3w<\/em>,<em> Ulica Rycerzy z Rodos<\/em> i wiele innych.<\/li>\n\n\n\n<li><strong>Punkt widokowy na Rodos<\/strong> &#8211; oznaczony jest na mapach Google jako &#8222;Viewpoint Western Shoreline and City&#8221;, znajduje si\u0119 przy ulicy Isiodou.<\/li>\n\n\n\n<li><strong>Zatoka Antoni Kouin<\/strong> &#8211; urokliwa zatoka z turkusow\u0105 wod\u0105.<\/li>\n\n\n\n<li><strong>Klasztor Filerimos <\/strong>&#8211; klasztor z punktem widokowym na wysp\u0119.<\/li>\n\n\n\n<li><strong>Pla\u017ca Kremasti<\/strong> &#8211; \u017cwirowa pla\u017ca z pi\u0119kn\u0105, b\u0142\u0119kitn\u0105 wod\u0105.<\/li>\n\n\n\n<li><strong>Zamek Kritinia<\/strong> &#8211; znajduj\u0105ce si\u0119 na p\u00f3\u0142nocno-zachodnim wybrze\u017cu, ruiny zamku z widokiem na morze i pobliskie mniejsze wyspy.<\/li>\n\n\n\n<li><em><strong>Embonas <\/strong><\/em>&#8211; urokliwa miejscowo\u015b\u0107 u podn\u00f3\u017ca najwy\u017cszego szczytu wyspy &#8211; <strong>Attavyros <\/strong>(1215m n.p.m.), w kt\u00f3rej mo\u017cna spr\u00f3bowa\u0107 lokalnego wina.<\/li>\n\n\n\n<li><strong>Dolina Motyli <\/strong>&#8211; park, b\u0119d\u0105cy siedliskiem licznych motyli.<\/li>\n\n\n\n<li><strong>Pla\u017ca Tsampika<\/strong> &#8211; pla\u017ca po\u0142o\u017cona na wschodnim wybrze\u017cu mi\u0119dzy g\u00f3rami; <\/li>\n\n\n\n<li><strong>Lindos <\/strong>&#8211; miasto b\u0119d\u0105ce wizyt\u00f3wk\u0105 wyspy Rodos. Najbardziej znanymi atrakcjami w okolicy miejscowo\u015bci to: <em>pla\u017ca Lindos<\/em>, <em>akropol Lindos<\/em> oraz zatoka <em>St Paul\u2019s Bay<\/em>.<\/li>\n\n\n\n<li><strong>Przesmyk Prasonisiou<\/strong> &#8211; najbardziej na po\u0142udnie wysuni\u0119ty punkt, b\u0119d\u0105cy jednym z najpopularniejszych miejsc na Rodos. Przesmyk ten oddziela morze Egejskie od morza \u015ar\u00f3dziemnego. Latem, poziom wody jest odpowiednio niski, wi\u0119c mo\u017cna swobodnie przedosta\u0107 si\u0119 na drug\u0105 stron\u0119.<\/li>\n<\/ol>\n\n\n\n<h6 class=\"wp-block-heading\"><strong>Nisyros:<\/strong><\/h6>\n\n\n\n<p><strong>Nisyros <\/strong>jest ma\u0142\u0105 wulkaniczn\u0105 wysp\u0105, kt\u00f3r\u0105 samochodem mo\u017cna objecha\u0107 w jeden dzie\u0144. Najpopularniejsz\u0105 atrakcj\u0105 tej wyspy jest <strong>krater Stefanos<\/strong> czynnego wulkanu.<br>Warto te\u017c zajrze\u0107 do miejscowo\u015bci <em>Mandraka<\/em> \u2013 urokliwej stolicy wyspy oraz na okoliczne pla\u017ce, gdzie zamiast z\u0142otego piasku mo\u017cna znale\u017a\u0107 czarny py\u0142 wulkaniczny albo kawa\u0142ki zastyg\u0142ej lawy.<\/p>\n\n\n\n<h6 class=\"wp-block-heading\"><strong>Gyali:<\/strong><\/h6>\n\n\n\n<p><strong>Gyali <\/strong>jest niewielk\u0105 wysp\u0105 po\u0142o\u017con\u0105 mi\u0119dzy <em>Nisyros<\/em> a <em>Kos<\/em>.<br>Wyspa podzielona jest na dwie cz\u0119\u015bci: p\u00f3\u0142nocn\u0105, gdzie wyst\u0119puj\u0105 obsydiany, oraz po\u0142udniow\u0105, gdzie wydobywany jest pumeks. Pomi\u0119dzy dwoma cz\u0119\u015bciami znajduje si\u0119 ma\u0142a osada.<br>Na wyspie nie ma hoteli ani infrastruktury turystycznej, co tylko dodaje jej dzikiego uroku.<br>Mo\u017cna si\u0119 tam dosta\u0107 \u0142odzi\u0105 z portu w miejscowo\u015bci <em>Pali <\/em>na Nisyros. Rejs trwa kilkana\u015bcie minut, a na miejscu ma si\u0119 kilka godzin na swobodne zwiedzanie \u2013 mo\u017cna przej\u015b\u0107 si\u0119 po centralnej cz\u0119\u015bci wyspy i zajrze\u0107 na dwie r\u00f3\u017cne pla\u017ce. Taka wycieczka kosztuje oko\u0142o 12 EUR za osob\u0119.<\/p>\n\n\n\n<h6 class=\"wp-block-heading\"><strong>Kos:<\/strong><\/h6>\n\n\n\n<ol class=\"wp-block-list\">\n<li><strong>Zamek Antimachia <\/strong>&#8211; \u015bredniowieczne ruiny zamku z panoramicznymi widokami.<\/li>\n\n\n\n<li><strong>Plaka Forest<\/strong> &#8211; spokojny park ze sto\u0142ami piknikowymi, w kt\u00f3rym mo\u017cna zobaczy\u0107 mn\u00f3stwo pawi, kaczek i g\u0119si.<\/li>\n\n\n\n<li><strong>Paralia Paradise<\/strong> &#8211; po\u0142o\u017cona na po\u0142udniowo-zachodnim wybrze\u017cu wyspy zatoczka z klifowym wybrze\u017cem.<\/li>\n\n\n\n<li><strong>Pla\u017ca Limnionas<\/strong>.<\/li>\n\n\n\n<li><strong>Pla\u017ca Kohilari<\/strong> &#8211; rozleg\u0142a piaszczysta pla\u017ca z b\u0142\u0119kitn\u0105 wod\u0105.<\/li>\n\n\n\n<li><strong>Pla\u017ca Agios Stefanos<\/strong> &#8211; jedna z wizyt\u00f3wek wyspy, pla\u017ca z widokiem na poblisk\u0105 wysepk\u0119, na kt\u00f3rej znajduje si\u0119 ma\u0142a kapliczka.<\/li>\n\n\n\n<li><strong>Lagoudi Zia <\/strong>&#8211; ma\u0142a, urokliwa g\u00f3rska wioska na zboczach g\u00f3ry z panoram\u0105 na wysp\u0119. <\/li>\n\n\n\n<li><strong>Asklepiejon<\/strong> &#8211; muzeum i ruiny staro\u017cytnej \u015bwi\u0105tyni, w kt\u00f3rej leczono chorych.<\/li>\n\n\n\n<li><strong>Stare Miasto Kos <\/strong>&#8211; star\u00f3wka z w\u0105skimi uliczkami z bizantyjskimi i \u015bredniowiecznymi budynkami.<\/li>\n\n\n\n<li><strong>Pla\u017ca Marmari <\/strong>oraz <strong>Pla\u017ca Tigkaki<\/strong>.<\/li>\n<\/ol>\n\n\n\n<h6 class=\"wp-block-heading\"><strong>Zakynthos:<\/strong><\/h6>\n\n\n\n<ol class=\"wp-block-list\">\n<li><strong>Porto Limnionas Beach<\/strong> &#8211; skalista zatoczka z krystaliczn\u0105 wod\u0105, tawern\u0105 i le\u017cakami.<\/li>\n\n\n\n<li><strong>Korakonisi<\/strong> &#8211; punkt widokowy na po\u0142udniowo-zachodnie klify.<\/li>\n\n\n\n<li><strong>Plakaki<\/strong> <strong>Viewpoint <\/strong>&#8211; punkt widokowy na po\u0142udniowe klify wyspy.<\/li>\n\n\n\n<li><strong>Myzithres<\/strong> <strong>Viewpoint <\/strong>&#8211; punkt widokowy z klif\u00f3w na morze i pobliskie bia\u0142e ska\u0142y, b\u0119d\u0105cy jedn\u0105 z wizyt\u00f3wek i jednym z najpi\u0119kniejszych miejsc na wyspie.<\/li>\n\n\n\n<li><strong>Cameo Island<\/strong> &#8211; prywatna wysepka po\u0142o\u017cona przy miejscowo\u015bci <em>Agios Sostis<\/em>, prowadzi do niej drewniany mostek. Wst\u0119p na sam\u0105 wysp\u0119 kosztuje 5 EUR.<\/li>\n\n\n\n<li><strong>Lagonas Beach<\/strong> &#8211; du\u017ca piaszczysta pla\u017ca oddalona o 1,5km od <em>Agios Sostis<\/em>.<\/li>\n\n\n\n<li>Na po\u0142udniowo-wschodniej &#8222;odnodze&#8221; wyspy znajduje si\u0119 kilka piaszczystych pla\u017c, na kt\u00f3re warto zajecha\u0107, np.: <em>Paralia Dafni<\/em>, <em>Banana Beach<\/em>, <em>Paralia Gerakas<\/em> oraz <em>St. Nicholas Beach<\/em>, na rogu kt\u00f3rej znajduje si\u0119 ma\u0142a kapliczka.<\/li>\n\n\n\n<li><strong>Pla\u017ca siarkowa Xigia<\/strong>, po\u0142o\u017cona na p\u00f3\u0142nocno-wschodniej cz\u0119\u015bci wyspy.<\/li>\n\n\n\n<li>Miejscowo\u015b\u0107 <em>Agios Nikolaos<\/em>, z kt\u00f3rej s\u0105 odbywane rejsy do s\u0142ynnych morskich jaski\u0144. Taka wycieczka trwa 1h, a cena to 10 EUR za osob\u0119.<\/li>\n\n\n\n<li><strong>Cape Skinari<\/strong> &#8211; najbardziej na p\u00f3\u0142noc wysuni\u0119ty punkt wyspy z widokami na morze, klify i poblisk\u0105 wysp\u0119 Kefalonia.<\/li>\n\n\n\n<li><strong>Kampi <\/strong>&#8211; ma\u0142a miejscowo\u015b\u0107, niedaleko kt\u00f3rej znajduje si\u0119 punkt widokowy na klify i zatok\u0119.<\/li>\n\n\n\n<li><strong>Exo Chora<\/strong> &#8211; ma\u0142a wioska, w kt\u00f3rej znajduje si\u0119 1000-letnie drzewo oliwne.<\/li>\n\n\n\n<li><strong>Porto Vromi<\/strong> &#8211; spokojna i urokliwa zatoczka z turkusow\u0105 wod\u0105.<\/li>\n\n\n\n<li><strong>Paralia Navagio<\/strong> &#8211; g\u0142\u00f3wna wizyt\u00f3wka Zakynthos, s\u0142ynna pla\u017ca z wrakiem statku.<\/li>\n<\/ol>\n\n\n\n<h6 class=\"wp-block-heading\"><strong>Kefalonia:<\/strong><\/h6>\n\n\n\n<ol class=\"wp-block-list\">\n<li><strong>Argostoli <\/strong>&#8211; miejscowo\u015b\u0107, b\u0119d\u0105ca stolic\u0105 wyspy, po\u0142o\u017cona jest nad zatok\u0105. Przez zatok\u0119 na drug\u0105 stron\u0119 prowadzi kamienny mostek, kt\u00f3rym warto pospacerowa\u0107.<\/li>\n\n\n\n<li><strong>Ainos Oros<\/strong> &#8211; najwy\u017cszy szczyt zar\u00f3wno wyspy, jak i archipelagu wysp Jo\u0144skich, wznosz\u0105cy si\u0119 na 1628m n.p.m.. Na sam szczyt mo\u017cna bezpiecznie dojecha\u0107 samochodem, prowadzi tam zadbana asfaltowej droga. Na szczycie mo\u017ce by\u0107 ch\u0142odno, wi\u0119c warto zabra\u0107 ze sob\u0105 bluz\u0119.<\/li>\n\n\n\n<li>Warto zrobi\u0107 objazd\u00f3wk\u0119 po po\u0142udniowej cz\u0119\u015bci wyspy, zahaczaj\u0105c o miejscowo\u015bci <em>Poros<\/em>, <em>Skala <\/em>oraz pobliskie pla\u017ce i zatoczki.<\/li>\n\n\n\n<li><strong>Lourdata Beach<\/strong> &#8211; piaszczysta pla\u017ca po\u0142o\u017cona u podn\u00f3\u017ca najwy\u017cszego szczytu wyspy.<\/li>\n\n\n\n<li>Punkt widokowy &#8222;<strong>Chiesa Bell<\/strong>&#8221; na drug\u0105 cz\u0119\u015b\u0107 wyspy.<\/li>\n\n\n\n<li>B\u0142\u0119kitna<strong> pla\u017ca Fteri<\/strong> &#8211; na sam\u0105 pla\u017c\u0119 trzeba doj\u015b\u0107 szlakiem z parkingu, liczy on ok. 1km. Jest te\u017c druga \u015bcie\u017cka \u2013 prowadzi po zboczu g\u00f3r i oferuje \u015bwietny widok na ow\u0105 pla\u017c\u0119 i klify.<\/li>\n\n\n\n<li>Spokojna zatoczka <strong>Atheras<\/strong> z krystaliczn\u0105 wod\u0105.<\/li>\n\n\n\n<li><strong>Pla\u017ca Petani <\/strong>&#8211; po\u0142o\u017cona na zachodniej cz\u0119\u015bci wyspy piaszczysta pla\u017ca z b\u0142\u0119kitn\u0105 wod\u0105.<\/li>\n\n\n\n<li><strong>Pla\u017ca Xi <\/strong>&#8211; po\u0142o\u017cona na po\u0142udniu &#8222;lewej cz\u0119\u015bci&#8221; wyspy pla\u017ca z czerwonym piaskiem i klifami z bia\u0142ej gliny.<\/li>\n\n\n\n<li><strong>Viewpoint Agia Effimia<\/strong> &#8211; punkt widokowy na miejscowo\u015b\u0107 i zatok\u0119 Agia Effimia oraz na poblisk\u0105 wysp\u0119 <em>Ithaki<\/em>.<\/li>\n\n\n\n<li><strong>Fiskardo <\/strong>&#8211; malownicza nadmorska wioska.<\/li>\n\n\n\n<li><strong>Assos <\/strong>&#8211; popularna malownicza miejscowo\u015b\u0107, b\u0119d\u0105ca jedn\u0105 z wizyt\u00f3wek wyspy.<\/li>\n\n\n\n<li><strong>Myrtos<\/strong> <strong>Beach <\/strong>&#8211; jedna z najpi\u0119kniejszych pla\u017c na Kefalonii.<\/li>\n\n\n\n<li><strong>Melissani Cave<\/strong> &#8211; jaskinia z jeziorkiem po\u0142o\u017cona niedaleko miejscowo\u015bci <em>Karavomylos<\/em>. Wst\u0119p do jaskini kosztuje 8 EUR.<\/li>\n<\/ol>\n\n\n\n<h4 class=\"wp-block-heading\"><strong>Podsumowanie<\/strong><\/h4>\n\n\n\n<p>Na ka\u017cdej z wysp bardzo nam si\u0119 podoba\u0142o &#8211; ka\u017cda mia\u0142a w sobie co\u015b wyj\u0105tkowego i oferowa\u0142a zupe\u0142nie inne wra\u017cenia. Gdybym jednak mia\u0142 wybra\u0107 t\u0119 jedyn\u0105, to chyba postawi\u0142bym na <strong>Kefaloni\u0119<\/strong>.<br>Wyspa ta ma w sobie wszystko: pi\u0119kne pla\u017ce, zatoki, urokliwe miejscowo\u015bci, g\u00f3ry i pi\u0119kne widoki.<\/p>\n","protected":false},"excerpt":{"rendered":"<p>Daty pobytu:&gt; 28.08.2022 &#8211; 8.09.2022 (Rodos &#8211; Nisyros &#8211; Gyali &#8211; Kos)&gt; 2.09.2023 &#8211; 13.09.2023 (Zakynthos &#8211; Kefalonia) Informacje praktyczne: &gt; J\u0119zyk:&nbsp;grecki, ale te\u017c mo\u017cna si\u0119 dogada\u0107 w j\u0119zyku angielskim;&gt; Waluta:&nbsp;Euro;&gt; Gniazdka elektryczne:&nbsp;takie jak w Polsce \u2013 nie ma potrzeby zabiera\u0107 adaptera;&gt; Ceny:\u2013 ceny za podstawowe produkty, jedzenie, picie itp. s\u0105 zbli\u017cone do polskich,\u2013&nbsp;paliwo:&nbsp;diesel i &#8230; <a title=\"Grecja\" class=\"read-more\" href=\"https:\/\/tripsandtips.1free.eu\/?page_id=65\" aria-label=\"Dowiedz si\u0119 wi\u0119cej o Grecja\">Dowiedz si\u0119 wi\u0119cej<\/a><\/p>\n","protected":false},"author":1,"featured_media":0,"parent":0,"menu_order":0,"comment_status":"closed","ping_status":"closed","template":"","meta":{"footnotes":""},"class_list":["post-65","page","type-page","status-publish"],"_links":{"self":[{"href":"https:\/\/tripsandtips.1free.eu\/index.php?rest_route=\/wp\/v2\/pages\/65","targetHints":{"allow":["GET"]}}],"collection":[{"href":"https:\/\/tripsandtips.1free.eu\/index.php?rest_route=\/wp\/v2\/pages"}],"about":[{"href":"https:\/\/tripsandtips.1free.eu\/index.php?rest_route=\/wp\/v2\/types\/page"}],"author":[{"embeddable":true,"href":"https:\/\/tripsandtips.1free.eu\/index.php?rest_route=\/wp\/v2\/users\/1"}],"replies":[{"embeddable":true,"href":"https:\/\/tripsandtips.1free.eu\/index.php?rest_route=%2Fwp%2Fv2%2Fcomments&post=65"}],"version-history":[{"count":2,"href":"https:\/\/tripsandtips.1free.eu\/index.php?rest_route=\/wp\/v2\/pages\/65\/revisions"}],"predecessor-version":[{"id":234,"href":"https:\/\/tripsandtips.1free.eu\/index.php?rest_route=\/wp\/v2\/pages\/65\/revisions\/234"}],"wp:attachment":[{"href":"https:\/\/tripsandtips.1free.eu\/index.php?rest_route=%2Fwp%2Fv2%2Fmedia&parent=65"}],"curies":[{"name":"wp","href":"https:\/\/api.w.org\/{rel}","templated":true}]}}