{"id":63,"date":"2025-11-06T20:40:07","date_gmt":"2025-11-06T19:40:07","guid":{"rendered":"https:\/\/travelswithme73.wordpress.com\/?page_id=63"},"modified":"2025-11-06T20:49:19","modified_gmt":"2025-11-06T19:49:19","slug":"egipt","status":"publish","type":"page","link":"https:\/\/tripsandtips.1free.eu\/?page_id=63","title":{"rendered":"Egipt"},"content":{"rendered":"\n<p><em>Data pobytu: 13.09.2025 &#8211; 27.09.2025<\/em><\/p>\n\n\n\n<p>Odwiedzone miejsca:<br>&#8211; Giza<br>&#8211; Kair<br>&#8211; Hurghada<br>&#8211; Marsa Alam<br>&#8211; Wadi el Gamal Reserve Park<\/p>\n\n\n\n<h4 class=\"wp-block-heading\"><strong>Informacje praktyczne:<\/strong><\/h4>\n\n\n\n<p><strong>&gt; J\u0119zyk:<\/strong> arabski, ale te\u017c mo\u017cna dogada\u0107 si\u0119 w j\u0119zyku angielskim;<br><strong>&gt; Waluta:<\/strong> Funt egipski (EGP), gdzie 1 EGP = 0,077 PLN. Najlepiej jednak zabra\u0107 ze sob\u0105 dolary ameryka\u0144skie USD i wymieni\u0107 na miejscu;<br><strong>&gt; Gniazdka elektryczne: <\/strong>takie jak w Polsce &#8211; nie ma potrzeby zabiera\u0107 adaptera;<br><strong>&gt; Ceny:<\/strong><br>Generalnie ceny w Egipcie s\u0105 ni\u017csze ni\u017c w Polsce. Podstawowe artyku\u0142y takie jak woda, chleb, owoce, warzywa s\u0105 bardzo tanie. W lokalach z dala od turystycznych miejsc mo\u017cna si\u0119 naje\u015b\u0107 nawet za 80 EGP, czyli lekko ponad 6 PLN.<br>&#8211; <em>paliwo: <\/em>benzyna &#8211; ok. 19 EGP \/ litr (ok. 1,60 PLN), diesel &#8211; ok. 15,50 EGP \/ litr (ok. 1,30 PLN)<br>&gt; <strong>Dokumenty:<\/strong> paszport oraz wiza, kt\u00f3r\u0105 si\u0119 kupuje na lotnisku. Cena wizy: 25 USD.<br>&gt; <strong>Ruch uliczny:<\/strong> prawostronny;<br><strong>&gt; Transport:<\/strong> s\u0105 autobusy miejskie, autobusy kursuj\u0105ce mi\u0119dzy miastami, metro w Kairze, taks\u00f3wki oraz ubery.<br>Og\u00f3lnie nie polecam wynajmowa\u0107 samochodu w Egipcie. Nie do\u015b\u0107, \u017ce trzeba zap\u0142aci\u0107 kaucj\u0119 w wysoko\u015bci kilku tysi\u0119cy dolar\u00f3w, to same poruszanie si\u0119 po Egipcie jest tragiczne &#8211; zw\u0142aszcza po wi\u0119kszych miastach. Kierowcy lokalni nie przestrzegaj\u0105 przepis\u00f3w, znak\u00f3w i oznakowania drogowego. Kierowcy r\u00f3wnie\u017c wymuszaj\u0105 pierwsze\u0144stwo, tr\u0105bi\u0105, wpychaj\u0105 si\u0119 na ka\u017cdym kroku i mijaj\u0105 si\u0119 na centymetry. Panuje tam istny chaos.<br>Najlepsze metody przemieszczania si\u0119:<br>&#8211; po wi\u0119kszych miastach <strong>ubery <\/strong>s\u0105 najlepszym \u015brodkiem transportu &#8211; s\u0105 bardzo tanie.<br>Najbezpieczniej jest p\u0142aci\u0107 got\u00f3wk\u0105.<br>&#8211; mi\u0119dzy miastami: firma <strong>GoBus <\/strong>oferuj\u0105ca przewozy os\u00f3b autokarami\/autobusami.<br>Autokary s\u0105 klimatyzowane, a bilety s\u0105 bardzo tanie.<br><strong>&gt; Ludzie lokalni: <\/strong>lokalsi s\u0105 bardzo przyja\u017ani, \u0142atwo nawi\u0105zywa\u0107 nowe znajomo\u015bci, aczkolwiek mog\u0105 by\u0107 lekko nachalni, chc\u0105c co\u015b pokaza\u0107 czy sprzeda\u0107.<\/p>\n\n\n\n<h4 class=\"wp-block-heading\"><strong>Zalecenia:<\/strong><\/h4>\n\n\n\n<p><strong>Targowanie:<\/strong><br>&gt; w przydro\u017cnych sklepikach np. z pami\u0105tkami, przyprawami itp. zawsze warto si\u0119 targowa\u0107. Lokalni sprzedawcy zawsze zawy\u017caj\u0105 ceny, aby zarobi\u0107 na turystach.<\/p>\n\n\n\n<p><strong>Higiena:<\/strong><br>&gt; pi\u0107 tylko wod\u0119 butelkowan\u0105;<br>&gt; wod\u0105 z kranu my\u0107 jedynie cia\u0142o (buzi\u0119 p\u0142uka\u0107 wod\u0105 butelkowan\u0105);<br>&gt; unika\u0107 lodu w napojach (chyba \u017ce s\u0105 z wody mineralnej);<br>&gt; unika\u0107 kremowych ciast;<br>&gt; ryby i owoce morza najlepiej kupowa\u0107 na targach i od razu je przygotowa\u0107;<br>&gt; mie\u0107 przy sobie chusteczki dezynfekuj\u0105ce;<\/p>\n\n\n\n<h4 class=\"wp-block-heading\"><strong>Kiedy jecha\u0107?<\/strong><\/h4>\n\n\n\n<p>Generalnie, ka\u017cda pora roku, opr\u00f3cz lata, jest idealna na wyjazd do Egiptu.<\/p>\n\n\n\n<h4 class=\"wp-block-heading\"><strong>Kuchnia tradycyjna:<\/strong><\/h4>\n\n\n\n<p>W Egipcie dominuje kuchnia arabska. Potrawami, kt\u00f3re warto spr\u00f3bowa\u0107, s\u0105 m.in.:<br>&gt;&nbsp;<em><strong>Falafel<\/strong><\/em> \u2013 sma\u017cone kulki lub kotleciki z ciecierzycy b\u0105d\u017a bobu z przyprawami;<br>&gt;<strong> <em>Egipska kofta<\/em> <\/strong>&#8211; danie z mielonego mi\u0119sa, najcz\u0119\u015bciej wo\u0142owiny, jagni\u0119ciny lub kurczaka uformowane w kszta\u0142t pod\u0142u\u017cnych kotlecik\u00f3w;<br>&gt; <strong><em>Baba Ganoush<\/em><\/strong> &#8211; potrawa w formie pasty \/ dipu zrobiona z bak\u0142a\u017can\u00f3w i sezamu;<\/p>\n\n\n\n<h4 class=\"wp-block-heading\"><strong>Sprawozdanie z wyprawy:<\/strong><\/h4>\n\n\n\n<p>Noclegi:<br>&gt; 3 noce w miejscowo\u015bci <strong>Giza<\/strong>;<br>&gt; 5 nocy w miejscowo\u015bci <strong>Marsa Alam<\/strong>;<br>&gt; 6 nocy w miejscowo\u015bci <strong>Hurghada<\/strong>;<\/p>\n\n\n\n<h6 class=\"wp-block-heading\"><strong>Co zobaczyli\u015bmy?<\/strong><\/h6>\n\n\n\n<p><strong>Giza + Kair:<\/strong><\/p>\n\n\n\n<ol class=\"wp-block-list\">\n<li><strong>Piramidy w Gizie<\/strong> &#8211; wizyt\u00f3wka Egiptu, najlepiej uda\u0107 si\u0119 z samego rana, gdy\u017c p\u00f3\u017aniej jest du\u017co turyst\u00f3w. Na terenie kompleksu jest kr\u00f3tka trasa autobusowa (bilety s\u0105 darmowe), gdzie drog\u0105 asfaltow\u0105 doje\u017cd\u017ca si\u0119 na punkt widokowy. R\u00f3wnie\u017c jest opcja wycieczki wielb\u0142\u0105dem z przewodnikiem po ca\u0142ym kompleksie piramid. Wielb\u0142\u0105dami mo\u017cna dotrze\u0107 w ciekawe miejsca widokowe, gdzie autobus nie dociera. Za tak\u0105 wycieczk\u0119 wielb\u0142\u0105dami za 3 osoby i oko\u0142o 1.5h przeja\u017cd\u017cki zap\u0142acili\u015bmy \u0142\u0105cznie 2100 EGP.<br>Warto wspomnie\u0107, i\u017c przy kompleksie piramid trzeba uwa\u017ca\u0107 na naci\u0105gaczy, kt\u00f3rzy pr\u00f3buj\u0105 zarobi\u0107 jak najwi\u0119cej na turystach.<\/li>\n\n\n\n<li><strong>Muzeum Papirusu<\/strong>.<\/li>\n\n\n\n<li>Most nad rzek\u0105 Nil z widokiem na miasto.<\/li>\n\n\n\n<li><strong>Old Cairo Bazaar<\/strong> + park, na terenie kt\u00f3rym znajduj\u0105 r\u00f3\u017cne budowle sakralne.<\/li>\n\n\n\n<li><strong>Meczet Al-Azhar<\/strong>.<\/li>\n<\/ol>\n\n\n\n<p><strong>Marsa Alam:<\/strong><\/p>\n\n\n\n<p>Naszym g\u0142\u00f3wnym miejscem w okolicach Marsa Alam by\u0142 rezerwat Wadi El Gemal. Na obszarze tego rezerwatu znajduj\u0105 si\u0119 takie miejsca jak:<br>&#8211; <strong>Al Nayzak<\/strong> &#8211; po\u0142o\u017cony nad pla\u017c\u0105, cyt. &#8222;naturalny basen utworzony z unikalnej formacji skalnej, kt\u00f3ra prawdopodobnie zosta\u0142a ukszta\u0142towana przez meteoryt uderzaj\u0105cy w wybrze\u017ce&#8221;.<br>&#8211; pla\u017ca <strong>Sharm El Luli (Ras Hankorab) <\/strong>&#8211; najpi\u0119kniejsza pla\u017ca i zatoka w Marsa Alam i jedna z najpi\u0119kniejszych Egiptu.<br>&#8211; <strong>Qulaan Mangrove Beach<\/strong> &#8211; unikalne i spokojne miejsce z b\u0142\u0119kitn\u0105 wod\u0105, pla\u017c\u0105 i namorzynami dooko\u0142a.<\/p>\n\n\n\n<p>Dodatkowo, w Marsa Alam skorzystali\u015bmy z wycieczki fakultatywnej, w ramach kt\u00f3rej pojechali\u015bmy na godzinn\u0105 wypraw\u0119 quadami po pustyni, a nast\u0119pnie &#8211; przeja\u017cd\u017cka safari do wioski Beduin\u00f3w po\u0142o\u017cona w g\u00f3rach.<br>Taka wycieczka niestety nie jest tania, gdy\u017c za osob\u0119 wynios\u0142a nas 30 USD.<\/p>\n\n\n\n<p><strong>Hurghada:<\/strong><br>Podczas pobytu w Hurghadzie, skupili\u015bmy si\u0119 g\u0142\u00f3wnie na r\u00f3\u017cnych wycieczkach fakultatywnych:<\/p>\n\n\n\n<p>&#8211;  <em>rejs na jedn\u0105 z pla\u017c na wyspie Giftun + lunch + snurkowanie:<\/em><br>Na pocz\u0105tku udali\u015bmy si\u0119 na pla\u017c\u0119 Hula Hula, gdzie mieli\u015bmy ok. 1,5h na pla\u017cowanie i k\u0105piel.<br>Nast\u0119pnie udali\u015bmy si\u0119 w dalsz\u0105 cz\u0119\u015b\u0107 archipelagu na dwa r\u00f3\u017cne miejsca do snurkowania, gdzie mo\u017cna by\u0142o podziwia\u0107 \u017cycie podwodne na rafie koralowej.<\/p>\n\n\n\n<p>&#8211; <em>&#8222;Mega Safari&#8221;:<\/em><br>W planie takiej wycieczki by\u0142y:<br>godzinna przeja\u017cd\u017cka quadami po pustyni, kr\u00f3tka przeja\u017cd\u017cka bugee po pustyni, przeja\u017cd\u017cka jeepem przez pustyni\u0119 do wioski beduin\u00f3w po\u0142o\u017conej w g\u00f3rach, a na koniec pod wiecz\u00f3r by\u0142 lunch i pokazy taneczne.<\/p>\n\n\n\n<p>&#8211; <em>rejs \u0142odzi\u0105 ze szklanym dnem przez rafy koralowe, <\/em>z kt\u00f3rego mo\u017cna by\u0142o podziwia\u0107 rafy koralowe oraz podwodne \u017cycie;<\/p>\n\n\n\n<p>Opr\u00f3cz wycieczek fakultatywnych, w Hurghadzie zobaczyli\u015bmy r\u00f3wnie\u017c:<br>&#8211; promenad\u0119 i marin\u0119,<br>&#8211; meczet <strong>Al Mina<\/strong>,<br>&#8211; <strong>El Dahar Bazaar<\/strong>.<\/p>\n\n\n\n<h4 class=\"wp-block-heading\"><strong>Podsumowanie<\/strong><\/h4>\n\n\n\n<p>Generalnie, w Egipcie nam si\u0119 podoba\u0142o. W trakcie jednego wyjazdu uda\u0142o si\u0119 nam zobaczy\u0107 mn\u00f3stwo ciekawych i urokliwych miejsc. Za ca\u0142\u0105 wypraw\u0119, licz\u0105c od domu do domu, zap\u0142acili\u015bmy \u0142\u0105cznie 7200 PLN za 3 osoby. Je\u017celi chcesz zobaczy\u0107 wi\u0119cej i nie przep\u0142aci\u0107, zdecydowanie warto pojecha\u0107 do Egiptu na w\u0142asn\u0105 r\u0119k\u0119.<br>B\u0119d\u0105c w Gizie, naprawd\u0119 poczuli\u015bmy ten wyj\u0105tkowy klimat.<br>Mo\u017cna by powiedzie\u0107, \u017ce Egipt jest mieszank\u0105 historii, go\u015bcinno\u015bci i lekkiego chaosu. W\u0142a\u015bnie ten miks sprawia, \u017ce trudno si\u0119 tam nudzi\u0107.<\/p>\n\n\n\n<p><\/p>\n","protected":false},"excerpt":{"rendered":"<p>Data pobytu: 13.09.2025 &#8211; 27.09.2025 Odwiedzone miejsca:&#8211; Giza&#8211; Kair&#8211; Hurghada&#8211; Marsa Alam&#8211; Wadi el Gamal Reserve Park Informacje praktyczne: &gt; J\u0119zyk: arabski, ale te\u017c mo\u017cna dogada\u0107 si\u0119 w j\u0119zyku angielskim;&gt; Waluta: Funt egipski (EGP), gdzie 1 EGP = 0,077 PLN. Najlepiej jednak zabra\u0107 ze sob\u0105 dolary ameryka\u0144skie USD i wymieni\u0107 na miejscu;&gt; Gniazdka elektryczne: takie &#8230; <a title=\"Egipt\" class=\"read-more\" href=\"https:\/\/tripsandtips.1free.eu\/?page_id=63\" aria-label=\"Dowiedz si\u0119 wi\u0119cej o Egipt\">Dowiedz si\u0119 wi\u0119cej<\/a><\/p>\n","protected":false},"author":1,"featured_media":0,"parent":0,"menu_order":0,"comment_status":"closed","ping_status":"closed","template":"","meta":{"footnotes":""},"class_list":["post-63","page","type-page","status-publish"],"_links":{"self":[{"href":"https:\/\/tripsandtips.1free.eu\/index.php?rest_route=\/wp\/v2\/pages\/63","targetHints":{"allow":["GET"]}}],"collection":[{"href":"https:\/\/tripsandtips.1free.eu\/index.php?rest_route=\/wp\/v2\/pages"}],"about":[{"href":"https:\/\/tripsandtips.1free.eu\/index.php?rest_route=\/wp\/v2\/types\/page"}],"author":[{"embeddable":true,"href":"https:\/\/tripsandtips.1free.eu\/index.php?rest_route=\/wp\/v2\/users\/1"}],"replies":[{"embeddable":true,"href":"https:\/\/tripsandtips.1free.eu\/index.php?rest_route=%2Fwp%2Fv2%2Fcomments&post=63"}],"version-history":[{"count":6,"href":"https:\/\/tripsandtips.1free.eu\/index.php?rest_route=\/wp\/v2\/pages\/63\/revisions"}],"predecessor-version":[{"id":230,"href":"https:\/\/tripsandtips.1free.eu\/index.php?rest_route=\/wp\/v2\/pages\/63\/revisions\/230"}],"wp:attachment":[{"href":"https:\/\/tripsandtips.1free.eu\/index.php?rest_route=%2Fwp%2Fv2%2Fmedia&parent=63"}],"curies":[{"name":"wp","href":"https:\/\/api.w.org\/{rel}","templated":true}]}}