{"id":61,"date":"2025-11-06T20:39:44","date_gmt":"2025-11-06T19:39:44","guid":{"rendered":"https:\/\/travelswithme73.wordpress.com\/?page_id=61"},"modified":"2025-11-06T20:51:01","modified_gmt":"2025-11-06T19:51:01","slug":"czarnogora","status":"publish","type":"page","link":"https:\/\/tripsandtips.1free.eu\/?page_id=61","title":{"rendered":"Czarnog\u00f3ra"},"content":{"rendered":"\n<p><em>Data pobytu: 29.09.2024 &#8211; 4.10.2024<\/em><\/p>\n\n\n\n<p>Orientacyjna mapka odwiedzonych miejsc:<\/p>\n\n\n\n<figure class=\"wp-block-image size-large is-resized\"><img loading=\"lazy\" decoding=\"async\" width=\"538\" height=\"648\" src=\"https:\/\/tripsandtips.1free.eu\/wp-content\/uploads\/2025\/10\/montenegro_places.png?w=538\" alt=\"\" class=\"wp-image-110\" style=\"aspect-ratio:0.8302730320932461;width:314px;height:auto\" srcset=\"https:\/\/tripsandtips.1free.eu\/wp-content\/uploads\/2025\/10\/montenegro_places.png 538w, https:\/\/tripsandtips.1free.eu\/wp-content\/uploads\/2025\/10\/montenegro_places-249x300.png 249w\" sizes=\"auto, (max-width: 538px) 100vw, 538px\" \/><\/figure>\n\n\n\n<h4 class=\"wp-block-heading\"><strong>Informacje praktyczne:<\/strong><\/h4>\n\n\n\n<p><strong>&gt; J\u0119zyk:<\/strong> czarnog\u00f3rski, ale te\u017c mo\u017cna si\u0119 dogada\u0107 w j\u0119zyku angielskim, serbskim i chorwackim;<br><strong>&gt; Waluta:<\/strong> Euro;<br><strong>&gt; Gniazdka elektryczne: <\/strong>takie jak w Polsce &#8211; nie ma potrzeby zabiera\u0107 adaptera;<br><strong>&gt; Ceny:<\/strong><br>&#8211; ceny za podstawowe produkty, jedzenie, picie itp. s\u0105 zbli\u017cone do polskich,<br>&#8211; <em>paliwo: <\/em>diesel i benzyna &#8211; ok. 1,40 EUR \/ litr, LPG &#8211; ok. 0.70 EUR;<br>&gt; <strong>Dokumenty:<\/strong> dow\u00f3d osobisty wystarczy w zupe\u0142no\u015bci;<br>&gt; <strong>Ruch uliczny:<\/strong> prawostronny;<br><strong>&gt; Transport: <\/strong>generalnie transport publiczny jest tu dobrze rozwini\u0119ty, wi\u0119c z przemieszczaniem si\u0119 mi\u0119dzy miastami, nie maj\u0105c wypo\u017cyczonego samochodu, nie powinno by\u0107 problematyczne.<br>My jednak mieli\u015bmy wypo\u017cyczony samoch\u00f3d i z punktu widzenia kierowcy &#8211; po Czarnog\u00f3rze je\u017adzi si\u0119 naprawd\u0119 dobrze &#8211; drogi s\u0105 zadbane, ma\u0142o wyrw i dziur, a kierowcy lokalni je\u017cd\u017c\u0105 zazwyczaj ostro\u017cnie i przestrzegaj\u0105 przepisy w odr\u00f3\u017cnieniu od kierowc\u00f3w w Albanii &#8211; z pa\u0144stwem, z kt\u00f3rym ten wyjazd by\u0142 po\u0142\u0105czony. <\/p>\n\n\n\n<h4 class=\"wp-block-heading\"><strong>Kiedy jecha\u0107?<\/strong><\/h4>\n\n\n\n<p>Do Czarnog\u00f3ry najlepiej jest jecha\u0107 kiedy jest ciep\u0142o, pogoda jeszcze dopisuje i co najwa\u017cniejsze &#8211; kiedy sezon si\u0119 powoli ko\u0144czy, poniewa\u017c wtedy ceny s\u0105 ni\u017csze, a turyst\u00f3w jest mniej.<br>Takimi miesi\u0105cami s\u0105 np. wrzesie\u0144, pa\u017adziernik.<br>Je\u017celi natomiast jest si\u0119 nastawionym na uprawianie sport\u00f3w zimowych, to oczywi\u015bcie najlepiej jest tu jecha\u0107 p\u00f3\u017an\u0105 jesieni\u0105 b\u0105d\u017a zim\u0105.<\/p>\n\n\n\n<h4 class=\"wp-block-heading\"><strong>Kuchnia tradycyjna:<\/strong><\/h4>\n\n\n\n<p>W Czarnog\u00f3rze dominuje g\u0142\u00f3wnie kuchnia ba\u0142ka\u0144ska, a poni\u017cej niekt\u00f3re dania, kt\u00f3re warto spr\u00f3bowa\u0107:<br>&gt; <strong><em>\u0106evapi<\/em><\/strong> &#8211; pieczone na grillu, przypominaj\u0105ce pod\u0142u\u017cne kotleciki, danie z mieszanego mi\u0119sa wo\u0142owiny i wieprzowiny.<br>&gt; <strong><em>Ra\u017enji\u0107i&nbsp;<\/em><\/strong>&#8211; szasz\u0142yki z przer\u00f3\u017cnego mi\u0119sa, np. wo\u0142owiny, baraniny, wieprzowiny, kurczaka.<br>&gt; <strong><em>Byrek <\/em><\/strong>&#8211; ciasto z nadzieniem;<br>&gt; <strong><em>Grillowane owoce morza<\/em><\/strong>;<br>&gt; <strong><em>Prebranac <\/em><\/strong>&#8211; serbska zapiekana fasola z papryk\u0105, cebul\u0105 i przyprawami;<\/p>\n\n\n\n<h4 class=\"wp-block-heading\"><strong>Sprawozdanie z wyprawy:<\/strong><\/h4>\n\n\n\n<p>Noclegi:<br>&gt; 4 noce w miejscowo\u015bci <strong>Sutomore<\/strong>;<br>&gt; 1 noc w miejscowo\u015bci <strong>\u017dabljak<\/strong>;<\/p>\n\n\n\n<p><strong>Plan zwiedzania:<\/strong><\/p>\n\n\n\n<p><strong>29.09:<\/strong><br>Ten dzie\u0144 by\u0142 dniem przejazdu z Albanii do Czarnog\u00f3ry, gdzie granic\u0119 przekroczyli\u015bmy w po\u0142udniowej cz\u0119\u015bci Czarnog\u00f3ry z samego rana i od razu zacz\u0119li\u015bmy zwiedzanie tego kraju.<br>Co uda\u0142o nam si\u0119 zwiedzi\u0107 tego dnia? Kolejno:<br>&#8211; punkt widokowy na <em>jezioro Szkoderskie<\/em>, oznaczony na mapie jako &#8222;Vidikovac Stegvas&#8221;;<br>&#8211; miejscowo\u015b\u0107 <em><strong>Ulcinj<\/strong><\/em><strong>:<\/strong> piaszczysta pla\u017ca oraz urokliwe stare miasto Ulcinj;<br>&#8211; miejscowo\u015b\u0107 <strong><em>Bar<\/em>:<\/strong> pla\u017ca z widokiem na g\u00f3ry (morze na zach\u00f3d, g\u00f3ry na wsch\u00f3d);<br>&#8211; miejscowo\u015b\u0107 <strong><em>Petrovac na Moru<\/em><\/strong>: zamek Kastio z widokiem na turkusowe jaskinie morskie, pla\u017c\u0119, miejscowo\u015b\u0107 i g\u00f3ry;<br>&#8211; <strong><em>pla\u017ca Lu\u010dica<\/em><\/strong> &#8211; znajduj\u0105ca si\u0119 nieopodal miejscowo\u015bci <em>Petrovac na Moru<\/em>;<\/p>\n\n\n\n<p><strong>30.09:<\/strong><br>Tego dnia kierowali\u015bmy si\u0119 z nadmorskiej miejscowo\u015bci <strong>Sutomore<\/strong>, gdzie mieli\u015bmy nasz &#8222;g\u0142\u00f3wny&#8221; nocleg, do <strong>\u017dabljak<\/strong>, gdzie r\u00f3wnie\u017c mieli\u015bmy nocleg, ale tylko na jedn\u0105 noc.<br>Nasza droga do <strong>\u017dabljak<\/strong> przebiega\u0142a przez nowo otwart\u0105 autostrad\u0119 A1 z Podgoricy do Kola\u0161in. Nast\u0119pnie na wysoko\u015bci Mojkovac, wjechali\u015bmy w malownicz\u0105 drog\u0119 P4 przebiegaj\u0105c\u0105 przez <em>kanion rzeki Tara<\/em>, kt\u00f3ry jest jednym z najg\u0142\u0119bszych kanion\u00f3w w Europie. Kanion ten r\u00f3wnie\u017c jest cz\u0119\u015bci\u0105 <strong>Parku Narodowego Durmitor<\/strong>, na kt\u00f3rym w\u0142a\u015bnie si\u0119 skupili\u015bmy tego dnia. Zobaczyli\u015bmy par\u0119, robi\u0105cych du\u017ce wra\u017cenie, miejsc, takich jak:<br>&#8211; <strong><em>Prem\u0107anski Most <\/em><\/strong>&#8211; ma\u0142y drewniany mostek nad rzek\u0105 Tara po\u015br\u00f3d g\u00f3r;<br>&#8211; <strong><em>Tara Bridge<\/em><\/strong> &#8211; s\u0142ynny, ogromny most nad rzek\u0105 Tara z malowniczymi widokami na g\u00f3ry, kanion i rzek\u0119;<br>&#8211; <strong><em>Crno Jezero<\/em><\/strong> &#8211; co\u015b na styl Morskiego Oka w polskich Tatrach &#8211; jezioro po\u0142o\u017cone w g\u00f3rach z widokiem na najwy\u017cszy szczyt tego pasma &#8211; Bobotov Kuk (2523m n.p.m.);<br>&#8211; <strong>droga P14<\/strong> &#8211; droga przebiegaj\u0105ca przez, mo\u017cna by rzec, serce g\u00f3r pasma Durmitor, u podn\u00f3\u017ca szczytu Bobotov Kuk. Na drodze znajduje si\u0119 kilka malowniczych punkt\u00f3w widokowych. Jednym z najpi\u0119kniejszych punkt\u00f3w widokowych w tym obszarze jest &#8222;Prevoj Sedlo&#8221;.<\/p>\n\n\n\n<p><strong>1.10:<\/strong><br>By\u0142 to dzie\u0144 powrotu z <strong>\u017dabljak<\/strong> do naszego g\u0142\u00f3wnego noclegu mieszcz\u0105cego si\u0119 w miejscowo\u015bci <strong>Sutomore <\/strong>nad morzem.<br>W tym dniu naszymi g\u0142\u00f3wnymi punktami by\u0142y:<br>&#8211; <strong><em>Monaster Ostrog<\/em><\/strong> &#8211; XVII-wieczny klasztor w skale, niedaleko miasta <em>Niksic<\/em>;<br>&#8211; <strong>Pavlova Strana<\/strong> &#8211; punkt widokowy na zakolu rzeki <em>Rijeka Cernojevi\u0107a<\/em>;<br>&#8211; miasto <strong><em>Budva<\/em><\/strong>, gdzie zobaczyli\u015bmy pla\u017c\u0119, promenad\u0119 i cytadel\u0119 wraz ze starym miastem Budva;<\/p>\n\n\n\n<p><strong>2.10:<\/strong><br>W tym dniu koncentrowali\u015bmy si\u0119 g\u0142\u00f3wnie na pla\u017cach. Oto pla\u017ce, kt\u00f3re odwiedzili\u015bmy:<br>&#8211; <strong><em>pla\u017ca Plo\u010de<\/em><\/strong>;<br>&#8211; <strong><em>pla\u017ca Trsteno<\/em><\/strong> nad zatok\u0105;<br>&#8211; <strong><em>pla\u017ca Jaz<\/em><\/strong>;<br>&#8211; <strong><em>pla\u017ca Mogren<\/em><\/strong> (przy Budvie);<br>&#8211; <strong><em>pla\u017ca Sveti Stefan<\/em><\/strong> &#8211; najpopularniejsza pla\u017ca w Czarnog\u00f3rze, b\u0119d\u0105ca widok\u00f3wk\u0105 kraju;<br>&#8211; <strong><em>pla\u017ca Crvena Glavica<\/em><\/strong> &#8211; ma\u0142a, urokliwa pla\u017ca z czerwonymi ska\u0142ami;<\/p>\n\n\n\n<p>Spo\u015br\u00f3d wy\u017cej wymienionych pla\u017c, najbardziej nam si\u0119 spodoba\u0142o nad pla\u017c\u0105 <strong>Trsteno<\/strong>.<br>Jest to jedna z niewielu piaszczystych pla\u017c w Czarnog\u00f3rze. Po\u0142o\u017cona jest nad zatoczk\u0105 ze spokojn\u0105 i krystaliczn\u0105 wod\u0105, przez d\u0142ugi odcinek jest p\u0142ytko, a parking jest darmowy.<br>Niestety minusem jest to, \u017ce pla\u017ca jest niewielka, a w sezonie jest tu zazwyczaj du\u017co ludzi.<\/p>\n\n\n\n<p><strong>3.10:<\/strong><br>W ostatni dzie\u0144 zwiedzania Czarnog\u00f3ry skupili\u015bmy si\u0119 na <strong>Kotorze <\/strong>i <strong>zatoce Kotorskiej<\/strong> &#8211; jednej z wizyt\u00f3wek Czarnog\u00f3ry.<br>Dla fajnych wra\u017ce\u0144 mog\u0119 poleci\u0107 przejazd s\u0142ynn\u0105 serpentyn\u0105 Kotorsk\u0105, znajduj\u0105c\u0105 si\u0119 na drodze P1, kt\u00f3ra \u0142\u0105czy <em>Kotor <\/em>i <em>Cetyni\u0119<\/em>. Serpentyna liczy 25 zakr\u0119t\u00f3w, d\u0142ugo\u015b\u0107 jej wynosi ok. 9km, a przewy\u017cszenie ok. 420m.<\/p>\n\n\n\n<h4 class=\"wp-block-heading\"><strong>Podsumowanie<\/strong><\/h4>\n\n\n\n<p>Jak ju\u017c wcze\u015bniej wspomnia\u0142em, wyjazd do Czarnog\u00f3ry by\u0142 po\u0142\u0105czony z Albani\u0105. Je\u017celi mia\u0142bym wybra\u0107 kraj, kt\u00f3ry najbardziej nam si\u0119 spodoba\u0142, by\u0142aby to oczywi\u015bcie Czarnog\u00f3ra z kilku wzgl\u0119d\u00f3w:<br>&#8211; stan dr\u00f3g znacznie lepszy;<br>&#8211; kierowcy je\u017cd\u017c\u0105 ostro\u017cniej i przestrzegaj\u0105 przepisy &#8211; nie panuje tutaj drogowy chaos;<br>&#8211; lokalni ludzie s\u0105 \u017cyczliwi;<br>&#8211; przyjazna atmosfera;<br>&#8211; pi\u0119kne g\u00f3rskie i nadmorskie krajobrazy;<\/p>\n\n\n\n<p>Podsumowuj\u0105c, Czarnog\u00f3ra to miejsce, do kt\u00f3rego chcia\u0142bym jeszcze wr\u00f3ci\u0107 (bardziej ni\u017c do Albanii), gdy\u017c do pe\u0142nego zwiedzenia kraju pozosta\u0142o nam jeszcze par\u0119 miejsc.<br>Albania mia\u0142a swoje uroki i unikalne krajobrazy, ale Czarnog\u00f3ra urzek\u0142a nas bardziej swoj\u0105 r\u00f3\u017cnorodno\u015bci\u0105 i spokojem.<\/p>\n","protected":false},"excerpt":{"rendered":"<p>Data pobytu: 29.09.2024 &#8211; 4.10.2024 Orientacyjna mapka odwiedzonych miejsc: Informacje praktyczne: &gt; J\u0119zyk: czarnog\u00f3rski, ale te\u017c mo\u017cna si\u0119 dogada\u0107 w j\u0119zyku angielskim, serbskim i chorwackim;&gt; Waluta: Euro;&gt; Gniazdka elektryczne: takie jak w Polsce &#8211; nie ma potrzeby zabiera\u0107 adaptera;&gt; Ceny:&#8211; ceny za podstawowe produkty, jedzenie, picie itp. s\u0105 zbli\u017cone do polskich,&#8211; paliwo: diesel i benzyna &#8230; <a title=\"Czarnog\u00f3ra\" class=\"read-more\" href=\"https:\/\/tripsandtips.1free.eu\/?page_id=61\" aria-label=\"Dowiedz si\u0119 wi\u0119cej o Czarnog\u00f3ra\">Dowiedz si\u0119 wi\u0119cej<\/a><\/p>\n","protected":false},"author":1,"featured_media":0,"parent":0,"menu_order":0,"comment_status":"closed","ping_status":"closed","template":"","meta":{"footnotes":""},"class_list":["post-61","page","type-page","status-publish"],"_links":{"self":[{"href":"https:\/\/tripsandtips.1free.eu\/index.php?rest_route=\/wp\/v2\/pages\/61","targetHints":{"allow":["GET"]}}],"collection":[{"href":"https:\/\/tripsandtips.1free.eu\/index.php?rest_route=\/wp\/v2\/pages"}],"about":[{"href":"https:\/\/tripsandtips.1free.eu\/index.php?rest_route=\/wp\/v2\/types\/page"}],"author":[{"embeddable":true,"href":"https:\/\/tripsandtips.1free.eu\/index.php?rest_route=\/wp\/v2\/users\/1"}],"replies":[{"embeddable":true,"href":"https:\/\/tripsandtips.1free.eu\/index.php?rest_route=%2Fwp%2Fv2%2Fcomments&post=61"}],"version-history":[{"count":3,"href":"https:\/\/tripsandtips.1free.eu\/index.php?rest_route=\/wp\/v2\/pages\/61\/revisions"}],"predecessor-version":[{"id":233,"href":"https:\/\/tripsandtips.1free.eu\/index.php?rest_route=\/wp\/v2\/pages\/61\/revisions\/233"}],"wp:attachment":[{"href":"https:\/\/tripsandtips.1free.eu\/index.php?rest_route=%2Fwp%2Fv2%2Fmedia&parent=61"}],"curies":[{"name":"wp","href":"https:\/\/api.w.org\/{rel}","templated":true}]}}