{"id":57,"date":"2025-11-06T20:38:36","date_gmt":"2025-11-06T19:38:36","guid":{"rendered":"https:\/\/travelswithme73.wordpress.com\/?page_id=57"},"modified":"2025-11-06T20:50:27","modified_gmt":"2025-11-06T19:50:27","slug":"cypr","status":"publish","type":"page","link":"https:\/\/tripsandtips.1free.eu\/?page_id=57","title":{"rendered":"Cypr"},"content":{"rendered":"\n<p><em>Daty pobytu:<br>&gt; 15.02.2020 &#8211; 21.02.2020 (Cypr Po\u0142udniowy)<br>&gt; 1.09.2021 &#8211; 12.09.2021 (Cypr Po\u0142udniowy)<br>&gt; 21.02.2023 &#8211; 28.02.2023 (Cypr P\u00f3\u0142nocny)<\/em><\/p>\n\n\n\n<h4 class=\"wp-block-heading\"><strong>Informacje praktyczne:<\/strong><\/h4>\n\n\n\n<p>Na pocz\u0105tku warto wiedzie\u0107 to, \u017ce Cypr jest podzielony na dwie cz\u0119\u015bci: po\u0142udniow\u0105 i p\u00f3\u0142nocn\u0105. Dok\u0142adniejszy podzia\u0142 pa\u0144stwa wygl\u0105da w nast\u0119puj\u0105cy spos\u00f3b:<\/p>\n\n\n\n<figure class=\"wp-block-image size-large is-resized\"><img loading=\"lazy\" decoding=\"async\" width=\"700\" height=\"482\" src=\"https:\/\/tripsandtips.1free.eu\/wp-content\/uploads\/2025\/11\/Cyprus_districts_named_pl.png\" alt=\"\" class=\"wp-image-214\" style=\"width:488px;height:auto\" srcset=\"https:\/\/tripsandtips.1free.eu\/wp-content\/uploads\/2025\/11\/Cyprus_districts_named_pl.png 700w, https:\/\/tripsandtips.1free.eu\/wp-content\/uploads\/2025\/11\/Cyprus_districts_named_pl-300x207.png 300w\" sizes=\"auto, (max-width: 700px) 100vw, 700px\" \/><figcaption class=\"wp-element-caption\">\u0179r\u00f3d\u0142o: <a href=\"https:\/\/pl.wikipedia.org\/wiki\/Podzia\u0142_administracyjny_Cypru\">https:\/\/pl.wikipedia.org\/wiki\/Podzia\u0142_administracyjny_Cypru<\/a><\/figcaption><\/figure>\n\n\n\n<h6 class=\"wp-block-heading\"><strong>Cypr Po\u0142udniowy:<\/strong><\/h6>\n\n\n\n<p><strong>&gt; J\u0119zyk:<\/strong> grecki, angielski;<br><strong>&gt; Waluta: <\/strong>Euro;<br><strong>&gt; Gniazdka elektryczne: <\/strong>takie jak w Wielkiej Brytanii, nale\u017cy zatem wzi\u0105\u0107 ze sob\u0105 adapter;<br><strong>&gt;<\/strong> <strong>Dokumenty:<\/strong> dow\u00f3d osobisty wystarczy w zupe\u0142no\u015bci;<br><strong>&gt; Ruch uliczny:<\/strong> lewostronny;<br><strong>&gt; Ceny:<\/strong><br>(oczywi\u015bcie ceny zale\u017c\u0105 od miejsc, w jakich kupujesz: czy supermarkety, czy mniejsze sklepiki itp.)<br>&#8211; <em>paliwo:<\/em> diesel i benzyna &#8211; ok. 1,40 EUR \/ litr, LPG &#8211; ok. 1 EUR,<br>&#8211; ceny za przyk\u0142adowe podstawowe produkty:<br>   &gt; <em>woda mineralna 1,5l:<\/em> \u015brednio 1 EUR,<br>   &gt; <em>bochenek chleba:<\/em> \u015brednio 1,80 EUR,<br>   &gt;<em> jajka (12 szt.): <\/em>\u015brednio 3-4 EUR,<br>   &gt; <em>mleko 1l: <\/em>\u015brednio 1,50 &#8211; 2 EUR,<br>   &gt; mas\u0142o: \u015brednio 3 EUR<br><strong>&gt; Transport:<\/strong> s\u0105 autobusy miejskie, ale na przystankach nie ma zazwyczaj rozk\u0142adu jazdy. S\u0105 r\u00f3wnie\u017c autobusy\/busy kursuj\u0105ce mi\u0119dzy miastami oraz taks\u00f3wki.<br>Mieli\u015bmy przyjemno\u015b\u0107 przejecha\u0107 si\u0119 jedynie autobusem miejskim z promenady na lotnisko w Larnace, a bilet jednorazowy na autobus wyni\u00f3s\u0142 nas 1,50 EUR\/os.<\/p>\n\n\n\n<h6 class=\"wp-block-heading\"><strong>Cypr P\u00f3\u0142nocny:<\/strong><\/h6>\n\n\n\n<p><strong>&gt; J\u0119zyk:<\/strong> turecki, ale te\u017c mo\u017cna si\u0119 dogada\u0107 w j\u0119zyku angielskim;<br><strong>&gt; Waluta: <\/strong>Lira turecka (TRY), gdzie 1 TRY = 0,088 PLN, ale w wielu miejscach mo\u017cna p\u0142aci\u0107 r\u00f3wnie\u017c<br>w Euro. Warto mie\u0107 got\u00f3wk\u0119 przy sobie, gdy\u017c nie wsz\u0119dzie mo\u017cna zap\u0142aci\u0107 kart\u0105.<br><strong>&gt; Gniazdka elektryczne: <\/strong>takie jak w Wielkiej Brytanii, nale\u017cy zatem wzi\u0105\u0107 ze sob\u0105 adapter;<br><strong>&gt;<\/strong> <strong>Dokumenty:<\/strong> dow\u00f3d osobisty wystarczy w zupe\u0142no\u015bci, cho\u0107 zalecane jest posiadanie dodatkowo paszportu;<br><strong>&gt; Ruch uliczny:<\/strong> lewostronny;<br><strong>&gt; Ceny:<\/strong><br>&#8211; ceny za podstawowe produkty, i nie tylko, s\u0105 ni\u017csze ni\u017c na Cyprze Po\u0142udniowym,<br>&#8211; <em>paliwo: <\/em>benzyna i diesel: 0,80 &#8211; 0,90 EUR \/ litr, LPG podobnie.<br><strong>&gt; Transport:<\/strong> transport publiczny na Cyprze P\u00f3\u0142nocnym jest niestety s\u0142abo rozwini\u0119ty.<br>G\u0142\u00f3wnym \u015brodkiem transportu s\u0105 minibusy, tzw. <strong><em>dolmusze<\/em><\/strong>, kt\u00f3re kursuj\u0105 na ustalonych trasach mi\u0119dzy g\u0142\u00f3wnymi miastami np. Kyrenia, Famagusta, Nikozja. Zatem najlepszym najlepszym \u015brodkiem transportu na p\u00f3\u0142nocnej cz\u0119\u015bci Cypru jest wypo\u017cyczony samoch\u00f3d.<\/p>\n\n\n\n<h6 class=\"wp-block-heading\"><strong>Przekraczanie granicy pomi\u0119dzy Cyprem Po\u0142udniowym a Cyprem P\u00f3\u0142nocnym:<\/strong><\/h6>\n\n\n\n<p>Swobodne przekraczanie granicy jest mo\u017cliwe w paru wyznaczonych miejscach zar\u00f3wno pieszo, jak i samochodem. Niezb\u0119dne jest posiadanie wa\u017cnego dowodu osobistego b\u0105d\u017a paszportu. Na przej\u015bciu granicznym odbywa si\u0119 kr\u00f3tka kontrola to\u017csamo\u015bci przez lokalne s\u0142u\u017cby.<br>Pobyt turystyczny dla obywateli UE jest bez wizy do 90 dni.<\/p>\n\n\n\n<h4 class=\"wp-block-heading\"><strong>Kiedy jecha\u0107?<\/strong><\/h4>\n\n\n\n<p>Na Cypr, je\u015bli jest si\u0119 nastawionym g\u0142\u00f3wnie na zwiedzanie, to najlepsz\u0105 por\u0105 na wyjazd jest np. luty, marzec, kwiecie\u0144. Natomiast, je\u017celi zwiedzanie chce si\u0119 po\u0142\u0105czy\u0107 z pla\u017cowaniem, to najlepszymi miesi\u0105cami b\u0119d\u0105 np.: wrzesie\u0144, pa\u017adziernik &#8211; nie ma takich upa\u0142\u00f3w oraz sezon turystyczny w\u00f3wczas powoli dobiega ko\u0144ca, przez co ceny mog\u0105 by\u0107 ni\u017csze &#8211; nawet w miejscach turystycznych.<br>Odradzam lecie\u0107 na Cypr w okresie typowo letnim, tj. czerwiec, lipiec, sierpie\u0144, gdy\u017c jest to okres bardzo turystyczny, przez co ceny s\u0105 znacznie wy\u017csze, a temperatura jest bardzo wysoka.<\/p>\n\n\n\n<h4 class=\"wp-block-heading\"><strong>Kuchnia tradycyjna:<\/strong><\/h4>\n\n\n\n<p>Generalnie, kuchnia cypryjska jest inspirowana kuchni\u0105 greck\u0105 i tureck\u0105.<br>Potrawami, kt\u00f3re warto spr\u00f3bowa\u0107, s\u0105 np.:<br>&gt; <strong><em>Souvlaki <\/em><\/strong>&#8211; szasz\u0142yki z grillowanego mi\u0119sa wieprzowego, drobiowego lub jagni\u0119cego, cz\u0119sto podawane z pit\u0105, czyli z takim mi\u0119kkim, okr\u0105g\u0142ym chlebem;<br>&gt; <strong><em>Sheftalia<\/em><\/strong> &#8211; kie\u0142basa wieprzowa lub jagni\u0119ca;<br>&gt; <strong><em>Halloumi <\/em><\/strong>&#8211; lokalny s\u0142ony ser, idealny na grillu;<br>&gt; <strong><em>Tzatziki <\/em><\/strong>&#8211; jogurtowy sos z og\u00f3rkiem i czosnkiem oraz z dodatkiem oliwy z oliwek;<br>&gt; <strong><em>Stifado<\/em><\/strong> &#8211; duszony grecki gulasz, najcz\u0119\u015bciej z wo\u0142owiny lub baraniny; <\/p>\n\n\n\n<h4 class=\"wp-block-heading\"><strong>Co zwiedzili\u015bmy?<\/strong><\/h4>\n\n\n\n<p>Cypr zosta\u0142 przez nas w ca\u0142o\u015bci zwiedzony &#8211; zar\u00f3wno ten po\u0142udniowy, jak i p\u00f3\u0142nocny.<br>Po samej wyspie poruszali\u015bmy si\u0119 wypo\u017cyczonym samochodem. Odno\u015bnie wypo\u017cyczonych samochod\u00f3w ciekawostka jest taka, \u017ce \u0142atwo mo\u017cna stwierdzi\u0107 czy kto\u015b si\u0119 porusza samochodem wypo\u017cyczonym czy nie\u2026 a w jaki spos\u00f3b? Samochody wypo\u017cyczone maj\u0105 zazwyczaj czerwone tablice rejestracyjne.<\/p>\n\n\n\n<p>Aby unikn\u0105\u0107 opisywania co zwiedzili\u015bmy w ka\u017cdym dniu, co by by\u0142o zbyt obszerne, skupi\u0119 si\u0119 jedynie na tych miejscach, kt\u00f3re naprawd\u0119 warto zobaczy\u0107 na w\u0142asne oczy.<\/p>\n\n\n\n<h6 class=\"wp-block-heading\"><strong>Co zobaczy\u0107 na Cyprze Po\u0142udniowym?<\/strong><\/h6>\n\n\n\n<ol class=\"wp-block-list\">\n<li><strong>Kompleks Archeologiczne Nea Pafos<\/strong> &#8211; znajduj\u0105cy si\u0119 w <em>Pafos<\/em>, rozleg\u0142y kompleks archeologiczny obejmuje ruiny staro\u017cytnego greckiego i rzymskiego miasta.<br>Mo\u017cna tu zobaczy\u0107 m.in. ruiny rzymskich willi np. Dom Tezeusza, Dionizosa i Orfeusza, kt\u00f3re s\u0142yn\u0105 z bardzo dobrze zachowanych mozaik na pod\u0142odze. Na terenie r\u00f3wnie\u017c znajduj\u0105 si\u0119: staro\u017cytny teatr (odeon), ruiny bizantyjskiego zamku Saranda Kolones czy staro\u017cytna agora.<\/li>\n\n\n\n<li><strong>Ska\u0142a Afrodyty<\/strong> &#8211; s\u0142ynna formacja skalna na po\u0142udniowym wybrze\u017cu Cypru, gdzie wed\u0142ug greckiej mitologii narodzi\u0142a si\u0119 Afrodyta z morskiej piany.<br>Ska\u0142a jest po\u0142o\u017cona ok. 25km od Pafos.<\/li>\n\n\n\n<li><strong>Wrak statku Edro III<\/strong> &#8211; po\u0142o\u017cony jest 15km od Pafos na p\u00f3\u0142noc, w miejscowo\u015bci <em>Peyia<\/em>. Frachtowiec ten, kt\u00f3ry w 2011 roku osiad\u0142 na mieli\u017anie podczas sztormu, szybko sta\u0142 si\u0119 atrakcj\u0105 turystyczn\u0105. Sam wrak jest po\u0142o\u017cony zaledwie kilka metr\u00f3w od skalistego wybrze\u017ca i czyni to miejscem jednym z najbardziej fotogenicznym.<\/li>\n\n\n\n<li><strong>Klasztor \u015bw. Neofita<\/strong> &#8211; po\u0142o\u017cony jest w g\u00f3rach jedynie 8km od centrum Pafos we wiosce <em>Tala<\/em>. Jest to prawos\u0142awny klasztor, kt\u00f3ry zosta\u0142 za\u0142o\u017cony przez cypryjskiego pisarza i pustelnika Neofytosa. Na terenie klasztoru znajduje si\u0119 tak\u017ce wyrze\u017abiona w skale grota, w kt\u00f3rej mo\u017cna zobaczy\u0107 oryginalne freski z XII i XIII wieku.<\/li>\n\n\n\n<li><strong>Avakas Gorge<\/strong> &#8211; wapienny w\u0105w\u00f3z Avakas, po\u0142o\u017cony na p\u00f3\u0142noc od <em>Pafos<\/em>. Aby tam dotrze\u0107, nale\u017cy zostawi\u0107 samoch\u00f3d na parkingu, a do samego w\u0105wozu dotrze\u0107 1km pieszo.<\/li>\n\n\n\n<li><strong>Adonis Baths (\u0141a\u017anie Adonisa)<\/strong> &#8211; urokliwe miejsce po\u0142o\u017cone w g\u00f3rach, blisko Klasztoru<br>\u015bw. Neofita. Znajduj\u0105 si\u0119 tu: wodospad, miejsca do p\u0142ywania, pos\u0105gi Afrodyty i Adonisa oraz \u015bcie\u017cka prowadz\u0105ca po ca\u0142ym obiekcie nad sam wodospad.<\/li>\n\n\n\n<li><strong>Coral Bay Beach<\/strong> &#8211; pi\u0119kna zatoka i pla\u017ca z czyst\u0105, turkusow\u0105 wod\u0105, znajduj\u0105ca si\u0119 12km na p\u00f3\u0142noc od Pafos (po drodze do wraku statku Edro III).<\/li>\n\n\n\n<li><strong>Lara Beach<\/strong> &#8211; piaszczysta, dzika i zaciszna pla\u017ca z czyst\u0105, turkusow\u0105 wod\u0105. Po\u0142o\u017cona jest 26km na p\u00f3\u0142noc od Pafos. Mo\u017cna tu dotrze\u0107 drog\u0105 gruntow\u0105, kt\u00f3ra miejscami mo\u017ce by\u0107 w s\u0142abym stanie. Co ciekawe, na tej pla\u017cy mo\u017cna zaobserwowa\u0107 \u017c\u00f3\u0142wie:<br>&#8211; od maja do sierpnia, gdy samice wychodz\u0105 na brzeg, aby z\u0142o\u017cy\u0107 jaja,<br>&#8211; od lipca do wrze\u015bnia, gdy m\u0142ode \u017c\u00f3\u0142wie si\u0119 wykluwaj\u0105 i kieruj\u0105 do morza.<\/li>\n\n\n\n<li><strong>Akama National Park<\/strong> &#8211; p\u00f3\u0142wysep Akamas, znajduje si\u0119 niedaleko miejscowo\u015bci <em>Polis<\/em>. Znajduje si\u0119 tutaj m.in. przepi\u0119kna laguna &#8222;Blue Lagoon&#8221; ze spokojn\u0105 i b\u0142\u0119kitn\u0105 wod\u0105.<br>By dotrze\u0107 do tego miejsca, nale\u017cy zostawi\u0107 samoch\u00f3d na parkingu, a dalej s\u0105 dwie mo\u017cliwo\u015bci:<br>&#8211; doj\u015b\u0107 tam pieszo drog\u0105 po wybrze\u017cu (droga liczy 5,5km),<br>&#8211; dojecha\u0107 tam Jeepem jako wycieczka &#8211; godziny odjazdu znajduj\u0105 si\u0119 przy budce informacyjnej (czasami co 45min lub 1h), za ca\u0142\u0105 wycieczk\u0119 p\u0142aci si\u0119 u kierowcy 15 EUR za osob\u0119. Dodatkowo, z kierowc\u0105 dogaduje si\u0119 punkt dotarcia oraz odbioru, gdy\u017c s\u0105 dwa r\u00f3\u017cne punkty odbioru: <em>Fontana Amorosa<\/em> oraz <em>Blue Lagoon<\/em>.<br>Kierowca w pierwszej kolejno\u015bci zatrzymuje si\u0119 na Blue Lagoon &#8211; mo\u017cna tutaj wysi\u0105\u015b\u0107 lub pojecha\u0107 do dalszego miejsca, czyli Fontana Amorosa. Nast\u0119pnie, wracaj\u0105c, kierowca zatrzymuje si\u0119 ponownie przy Blue Lagoon.<\/li>\n\n\n\n<li><strong>Mount Olympus (Olimp)<\/strong> &#8211; najwy\u017cszy punkt wyspy licz\u0105cy 1952m n.p.m. w g\u00f3rach Trodos.<br>Co ciekawe, mo\u017cna tutaj zaobserwowa\u0107 \u015bnieg, a przecie\u017c Cypr to s\u0142oneczna wyspa z<br>upalnymi temperaturami&#8230;<\/li>\n\n\n\n<li><strong>Lefkara <\/strong>&#8211; malownicza wioska po\u0142o\u017cona w\u015br\u00f3d g\u00f3r pomi\u0119dzy miastami <em>Larnak\u0105 <\/em>a <em>Limassolem<\/em>.<\/li>\n\n\n\n<li><strong>Nikozja <\/strong>&#8211; stolica Cypru, w kt\u00f3rej warto zobaczy\u0107 granic\u0119 mi\u0119dzy Cyprem Po\u0142udniowym a Cyprem P\u00f3\u0142nocnym na w\u0142asne oczy, gdy\u017c te dwie r\u00f3\u017cne cz\u0119\u015bci Cypru oddziela mur wykonany z beczek, oraz j\u0105 przekroczy\u0107.<\/li>\n\n\n\n<li><strong>S\u0142one Jezioro w Larnace<\/strong> &#8211; jezioro, kt\u00f3re wysycha na lato, wyr\u00f3\u017cnia si\u0119 tym, i\u017c w okresie zimowym mo\u017cna zaobserwowa\u0107 tu flamingi.<\/li>\n\n\n\n<li><strong>Nissi Beach<\/strong> &#8211; po\u0142o\u017cona w miejscowo\u015bci <em>Ayia Napa<\/em> we wschodniej cz\u0119\u015bci Cypru, jest jedn\u0105 z najpi\u0119kniejszych, jak nie najpi\u0119kniejsz\u0105, pla\u017c\u0105 na ca\u0142ej wyspie.<\/li>\n\n\n\n<li><strong>Cape Greco <\/strong>&#8211; malowniczy p\u00f3\u0142wysep b\u0119d\u0105cy najbardziej na wsch\u00f3d wysuni\u0119tym punktem Cypru Po\u0142udniowego, znajduj\u0105cy si\u0119 przy miejscowo\u015bci <em>Ayia Napa<\/em>.<br>Na terenie tego p\u00f3\u0142wyspu znajduj\u0105 si\u0119 liczne jaskinie morskie, naturalny mostek skalny tzw. Crow&#8217;s Arch, a troszk\u0119 bli\u017cej miejscowo\u015bci Ayia Napa &#8211; s\u0142ynny skalny &#8222;Most Mi\u0142o\u015bci&#8221;.<\/li>\n<\/ol>\n\n\n\n<h6 class=\"wp-block-heading\"><strong>Co zobaczy\u0107 na Cyprze P\u00f3\u0142nocnym?<\/strong><\/h6>\n\n\n\n<ol class=\"wp-block-list\">\n<li><strong>Varosha (Varosia)<\/strong> &#8211; opuszczona dzielnica miejscowo\u015bci <em>Famagusta<\/em>, nazywana &#8222;miastem duch\u00f3w&#8221;. Zosta\u0142a opuszczona po tureckiej inwazji w 1974 roku. Dzi\u015b przyci\u0105ga turyst\u00f3w swoim niezwyk\u0142ym klimatem &#8211; mo\u017cna powiedzie\u0107, \u017ce czas zatrzyma\u0142 si\u0119 tu na zawsze.<\/li>\n\n\n\n<li><strong>Ogromna flaga Cypru P\u00f3\u0142nocnego namalowana na zboczu g\u00f3ry<\/strong>, znajduje si\u0119 w okolicach ma\u0142ej miejscowo\u015bci Kaynakk\u00f6y, na p\u00f3\u0142noc od Nikozji. Wymiary flagi to 425 x 250 metr\u00f3w.<\/li>\n\n\n\n<li><strong>Zamek \u015bw. Hilariona<\/strong> &#8211; znajduj\u0105cy si\u0119 przy Kyrenii, po\u0142o\u017cony jest na wysokiej skale 732m n.p.m..<br>Z zamku mo\u017cna podziwia\u0107 pi\u0119kne widoki na Kyreni\u0119 i p\u00f3\u0142nocne wybrze\u017ce. Wst\u0119p do zamku jest oczywi\u015bcie p\u0142atny, ale bardzo tani, gdy\u017c jest to tylko 50 TRY za osob\u0119 doros\u0142\u0105, czyli nieca\u0142e 5z\u0142.<\/li>\n\n\n\n<li><strong>Port w Kyrenii <\/strong>&#8211; sam obszar portu jest urokliwy, wi\u0119c warto jest pospacerowa\u0107. Na terenie portu znajduje si\u0119 tak\u017ce wenecki zamek Kyrenia, z kt\u00f3rego mo\u017cna podziwia\u0107 widoki na g\u00f3ry, port oraz wybrze\u017ce.<\/li>\n\n\n\n<li><strong>Alagadi Turtle Beach<\/strong> &#8211; spokojna zatoka z piaszczyst\u0105 pla\u017c\u0105 oraz interesuj\u0105cymi formacjami z piaskowca.<\/li>\n\n\n\n<li><strong>Port w Gemikona\u011f\u0131 <\/strong>&#8211; tzw. <em>czerwony port<\/em>, po\u0142o\u017cony na zachodniej cz\u0119\u015bci Cypru P\u00f3\u0142nocnego przy granicy z Cyprem Po\u0142udniowym. Jest to bardzo fotogeniczne miejsce, idealne do fotografowania. Znajduj\u0105 si\u0119 tu wraki m.in. statku, poci\u0105gu oraz ruiny pomostu, kt\u00f3ry s\u0142u\u017cy\u0142 kiedy\u015b do za\u0142adunku surowc\u00f3w &#8211; g\u0142\u00f3wnie miedzi.<\/li>\n\n\n\n<li><strong>P\u00f3\u0142wysep Dipkarpaz<\/strong> &#8211; najbardziej wysuni\u0119ty na wsch\u00f3d i p\u00f3\u0142nocny-wsch\u00f3d obszar Cypru.<br>Na terenie p\u00f3\u0142wyspu g\u0142\u00f3wnymi atrakcjami s\u0105:<br>&#8211; <strong>Golden Beach<\/strong> &#8211; pi\u0119kna, rozleg\u0142a piaszczysta pla\u017ca z wydmami, <br>&#8211; ma\u0142a g\u00f3rka z flagami jako najbardziej wysuni\u0119ty na p\u00f3\u0142nocny-wsch\u00f3d punkt na ca\u0142ej wyspie.<br>Warto r\u00f3wnie\u017c wiedzie\u0107, \u017ce na obszarze p\u00f3\u0142wyspu istnieje du\u017ca szansa na spotkanie osio\u0142k\u00f3w, wi\u0119c warto mie\u0107 przy sobie np. marchewki.<\/li>\n<\/ol>\n\n\n\n<h4 class=\"wp-block-heading\"><strong>Podsumowanie<\/strong><\/h4>\n\n\n\n<p>Je\u017celi mia\u0142bym wybra\u0107 kt\u00f3ra cz\u0119\u015b\u0107 Cypru urzek\u0142a mnie najbardziej, moj\u0105 odpowiedzi\u0105 by\u0142by zdecydowanie Cypr Po\u0142udniowy. To w\u0142a\u015bnie tam poczu\u0142em prawdziwy klimat wyspy &#8211; pi\u0119kne piaszczyste pla\u017ce, malownicze wioski i g\u00f3ry, du\u017co ciekawych i wartych odwiedzenia miejsc oraz bardzo przyja\u017ani lokalni ludzie.<br>Jestem przekonany, \u017ce ka\u017cdy znajdzie tu co\u015b dla siebie &#8211; od historii i natury, po relaks na piaszczystych pla\u017cach z krystalicznie czyst\u0105 wod\u0105. <\/p>\n\n\n\n<p><\/p>\n","protected":false},"excerpt":{"rendered":"<p>Daty pobytu:&gt; 15.02.2020 &#8211; 21.02.2020 (Cypr Po\u0142udniowy)&gt; 1.09.2021 &#8211; 12.09.2021 (Cypr Po\u0142udniowy)&gt; 21.02.2023 &#8211; 28.02.2023 (Cypr P\u00f3\u0142nocny) Informacje praktyczne: Na pocz\u0105tku warto wiedzie\u0107 to, \u017ce Cypr jest podzielony na dwie cz\u0119\u015bci: po\u0142udniow\u0105 i p\u00f3\u0142nocn\u0105. Dok\u0142adniejszy podzia\u0142 pa\u0144stwa wygl\u0105da w nast\u0119puj\u0105cy spos\u00f3b: Cypr Po\u0142udniowy: &gt; J\u0119zyk: grecki, angielski;&gt; Waluta: Euro;&gt; Gniazdka elektryczne: takie jak w Wielkiej &#8230; <a title=\"Cypr\" class=\"read-more\" href=\"https:\/\/tripsandtips.1free.eu\/?page_id=57\" aria-label=\"Dowiedz si\u0119 wi\u0119cej o Cypr\">Dowiedz si\u0119 wi\u0119cej<\/a><\/p>\n","protected":false},"author":1,"featured_media":0,"parent":0,"menu_order":0,"comment_status":"closed","ping_status":"closed","template":"","meta":{"footnotes":""},"class_list":["post-57","page","type-page","status-publish"],"_links":{"self":[{"href":"https:\/\/tripsandtips.1free.eu\/index.php?rest_route=\/wp\/v2\/pages\/57","targetHints":{"allow":["GET"]}}],"collection":[{"href":"https:\/\/tripsandtips.1free.eu\/index.php?rest_route=\/wp\/v2\/pages"}],"about":[{"href":"https:\/\/tripsandtips.1free.eu\/index.php?rest_route=\/wp\/v2\/types\/page"}],"author":[{"embeddable":true,"href":"https:\/\/tripsandtips.1free.eu\/index.php?rest_route=\/wp\/v2\/users\/1"}],"replies":[{"embeddable":true,"href":"https:\/\/tripsandtips.1free.eu\/index.php?rest_route=%2Fwp%2Fv2%2Fcomments&post=57"}],"version-history":[{"count":4,"href":"https:\/\/tripsandtips.1free.eu\/index.php?rest_route=\/wp\/v2\/pages\/57\/revisions"}],"predecessor-version":[{"id":232,"href":"https:\/\/tripsandtips.1free.eu\/index.php?rest_route=\/wp\/v2\/pages\/57\/revisions\/232"}],"wp:attachment":[{"href":"https:\/\/tripsandtips.1free.eu\/index.php?rest_route=%2Fwp%2Fv2%2Fmedia&parent=57"}],"curies":[{"name":"wp","href":"https:\/\/api.w.org\/{rel}","templated":true}]}}