{"id":310,"date":"2025-11-21T17:47:01","date_gmt":"2025-11-21T16:47:01","guid":{"rendered":"https:\/\/tripsandtips.1free.eu\/?page_id=310"},"modified":"2025-11-21T17:49:43","modified_gmt":"2025-11-21T16:49:43","slug":"newsletter","status":"publish","type":"page","link":"https:\/\/tripsandtips.1free.eu\/?page_id=310","title":{"rendered":"Newsletter"},"content":{"rendered":"<!-- Noptin Newsletter Plugin v4.0.12 - https:\/\/wordpress.org\/plugins\/newsletter-optin-box\/ --><div id=\"noptin-form-1__wrapper\" class=\"noptin-optin-main-wrapper noptin-form-id-309 noptin-inpost-main-wrapper\" aria-labelledby=\"noptin-form-1__title\" style=\"--noptin-background-color: #f1f1f7; --noptin-border-color: #009688; --noptin-button-color: #009688; --noptin-button-text-color: #fefefe; --noptin-title-color: #191919; --noptin-description-color: #666666; --noptin-note-color: #607D8B;\" ><style>.noptin-form-id-309 .noptin-optin-form-wrapper *{}<\/style><div style=\"max-width:520px; min-height:280px;border-color: #009688;\" class=\"noptin-optin-form-wrapper no-image\" ><!-- Form ID: 309 --><form id=\"noptin-form-1\" class=\"noptin-optin-form noptin-form-single-line noptin-label-hide noptin-form-1\" method=\"post\" novalidate >\t\t\t\t\t<div class=\"noptin-form-header noptin-img-right\">\n\t\t\t\t\t\t\t\t\t\t\t\t<div class=\"noptin-form-header-text\">\n\n\t\t\t\t\t\t\t\n\t\t\t\t\t\t\t\t\t\t\t\t\t\t\t<div style=\"color: #191919;font-size: 20px; font-weight: 700; line-height: 1.5;\" class=\"noptin-form-heading\">\n\t\t\t\t\t\t\t\t\tDo\u0142\u0105cz do mojego newslettera!\t\t\t\t\t\t\t\t<\/div>\n\t\t\t\t\t\t\t\n\t\t\t\t\t\t\t\t\t\t\t\t\t\t\t<div style=\"color: #666666;font-size: 16px; font-weight: 500; line-height: 1.5;\" class=\"noptin-form-description\">\n\t\t\t\t\t\t\t\t\tWprowad\u017a sw\u00f3j e-mail, aby otrzymywa\u0107 informacje o nowo\u015bciach!  <a href=\"https:\/\/noptin.com\/guide\">Dowiedz si\u0119 wi\u0119cej! <\/a>\t\t\t\t\t\t\t\t<\/div>\n\t\t\t\t\t\t\t\n\t\t\t\t\t\t<\/div>\n\t\t\t\t\t\t\n\t\t\t\t\t\t\t\t\t\t\t\t\t<div class=\"noptin-form-header-image\">\n\t\t\t\t\t\t\t\t<img decoding=\"async\" alt=\"icon\" src=\"https:\/\/tripsandtips.1free.eu\/wp-content\/plugins\/newsletter-optin-box\/includes\/assets\/images\/email-icon.png\" \/>\n\t\t\t\t\t\t\t<\/div>\n\t\t\t\t\t\t\n\t\t\t\t\t<\/div>\n\t\t\t\t<div class=\"noptin-form-footer\"><div class=\"noptin-form-fields\">\t\t\t<div class=\"noptin-form-field-wrapper noptin-form-field-email noptin-optin-field-wrapper noptin-optin-field-email\" id=\"noptin-form-1__field-email--wrapper\" >\n\t\t<div class=\"noptin-field-email\">\n\t\t\t<label class=\"noptin-label\" for=\"noptin-form-1__field-email\">Email<\/label>\n\t\t\t<input name=\"noptin_fields[email]\" id=\"noptin-form-1__field-email\" type=\"email\" class=\"noptin-text noptin-form-field noptin-form-field__email noptin-form-field__has-no-placeholder\" placeholder=\"Email\" required \/>\n\n\t\t<\/div><\/div>\t\t\t<div class=\"noptin-form-field-wrapper noptin-form-field-submit noptin-optin-field-wrapper noptin-optin-field-submit\" >\n\t\t\n\t\t\t<input type=\"submit\" id=\"noptin-form-1__submit\" class=\"noptin-form-submit btn button btn-primary button-primary wp-element-button\" name=\"noptin-submit\" value=\"Subskrybuj\" style=\"background-color: #009688;color: #fefefe;\"  \/>\n\n\t\t<\/div><\/div>\t\t\t\t\t\t\t<div style=\"color: #607D8B;\" class=\"noptin-form-note\">\n\t\t\t\t\tZapisuj\u0105c si\u0119, wyra\u017casz zgod\u0119 na <a class=\"privacy-policy-link\" href=\"https:\/\/noptin.com\/privacy-policy\/\" rel=\"privacy-policy\">polityk\u0119 prywatno\u015bci<\/a> oraz regulamin.\t\t\t\t<\/div>\n\t\t\t\t\t\t<div class=\"noptin-form-notice noptin-response\" role=\"alert\"><\/div>\n\t\t\t<\/div>\n\t\t\t<input type=\"hidden\" name=\"noptin_element_id\" value=\"1\" \/><input type=\"hidden\" name=\"source\" value=\"309\" \/><input type=\"hidden\" name=\"form_action\" value=\"subscribe\" \/><input type=\"hidden\" name=\"noptin-config\" value=\"ijCyGiXVrsILOfARnOK0Lg7vx2d667Mpe6qkObPKdhRWB3RdN7hZUl9mkWGXgrtz\" \/><input type=\"hidden\" name=\"noptin_form_id\" value=\"309\" \/><\/form><\/div><!-- \/Form ID: 309 --><\/div><!-- \/ Noptin Newsletter Plugin -->\n","protected":false},"excerpt":{"rendered":"","protected":false},"author":1,"featured_media":0,"parent":0,"menu_order":0,"comment_status":"closed","ping_status":"closed","template":"","meta":{"footnotes":""},"class_list":["post-310","page","type-page","status-publish"],"_links":{"self":[{"href":"https:\/\/tripsandtips.1free.eu\/index.php?rest_route=\/wp\/v2\/pages\/310","targetHints":{"allow":["GET"]}}],"collection":[{"href":"https:\/\/tripsandtips.1free.eu\/index.php?rest_route=\/wp\/v2\/pages"}],"about":[{"href":"https:\/\/tripsandtips.1free.eu\/index.php?rest_route=\/wp\/v2\/types\/page"}],"author":[{"embeddable":true,"href":"https:\/\/tripsandtips.1free.eu\/index.php?rest_route=\/wp\/v2\/users\/1"}],"replies":[{"embeddable":true,"href":"https:\/\/tripsandtips.1free.eu\/index.php?rest_route=%2Fwp%2Fv2%2Fcomments&post=310"}],"version-history":[{"count":2,"href":"https:\/\/tripsandtips.1free.eu\/index.php?rest_route=\/wp\/v2\/pages\/310\/revisions"}],"predecessor-version":[{"id":314,"href":"https:\/\/tripsandtips.1free.eu\/index.php?rest_route=\/wp\/v2\/pages\/310\/revisions\/314"}],"wp:attachment":[{"href":"https:\/\/tripsandtips.1free.eu\/index.php?rest_route=%2Fwp%2Fv2%2Fmedia&parent=310"}],"curies":[{"name":"wp","href":"https:\/\/api.w.org\/{rel}","templated":true}]}}