{"id":13,"date":"2025-11-06T20:20:47","date_gmt":"2025-11-06T19:20:47","guid":{"rendered":"https:\/\/travelswithme73.wordpress.com\/?page_id=13"},"modified":"2025-11-06T21:37:04","modified_gmt":"2025-11-06T20:37:04","slug":"panstwa","status":"publish","type":"page","link":"https:\/\/tripsandtips.1free.eu\/?page_id=13","title":{"rendered":"Pa\u0144stwa"},"content":{"rendered":"\n<p>Tutaj znajduje si\u0119 lista pa\u0144stw, w kt\u00f3rych zwiedzi\u0142em najwi\u0119cej r\u00f3\u017cnych atrakcji.<br>Po prawej stronie wylistowane s\u0105 orientacyjnie miejsca, kt\u00f3re odwiedzi\u0142em.<\/p>\n\n\n\n<p><em>Kliknij nazw\u0119 danego pa\u0144stwa, aby przej\u015b\u0107 do relacji z wyprawy.<\/em><\/p>\n\n\n\n<div class=\"wp-block-group is-layout-grid wp-container-core-group-is-layout-9649a0d9 wp-block-group-is-layout-grid\">\n<div class=\"wp-block-group is-layout-grid wp-container-core-group-is-layout-9649a0d9 wp-block-group-is-layout-grid\">\n<figure class=\"wp-block-image size-large\"><img loading=\"lazy\" decoding=\"async\" width=\"700\" height=\"500\" src=\"https:\/\/tripsandtips.1free.eu\/wp-content\/uploads\/2025\/11\/700px-Flag_of_Albania.svg_.png\" alt=\"\" class=\"wp-image-195\" srcset=\"https:\/\/tripsandtips.1free.eu\/wp-content\/uploads\/2025\/11\/700px-Flag_of_Albania.svg_.png 700w, https:\/\/tripsandtips.1free.eu\/wp-content\/uploads\/2025\/11\/700px-Flag_of_Albania.svg_-300x214.png 300w\" sizes=\"auto, (max-width: 700px) 100vw, 700px\" \/><\/figure>\n<\/div>\n\n\n\n<h3 class=\"wp-block-heading has-text-align-left\"><strong><a href=\"https:\/\/tripsandtips.1free.eu\/?page_id=50\" data-type=\"link\" data-id=\"https:\/\/tripsandtips.1free.eu\/?page_id=50\">ALBANIA<\/a><\/strong><\/h3>\n\n\n\n<ul class=\"wp-block-list\">\n<li>Tirana<\/li>\n\n\n\n<li>Durres<\/li>\n\n\n\n<li>Vlore<\/li>\n\n\n\n<li>Ksamil<\/li>\n\n\n\n<li>Gjirokastra<\/li>\n\n\n\n<li>Berat<\/li>\n<\/ul>\n<\/div>\n\n\n\n<div class=\"wp-block-group is-layout-grid wp-container-core-group-is-layout-9649a0d9 wp-block-group-is-layout-grid\">\n<figure class=\"wp-block-image size-large\"><img loading=\"lazy\" decoding=\"async\" width=\"1200\" height=\"800\" src=\"https:\/\/tripsandtips.1free.eu\/wp-content\/uploads\/2025\/11\/1200px-Flag_of_Cyprus.svg_.png\" alt=\"\" class=\"wp-image-194\" srcset=\"https:\/\/tripsandtips.1free.eu\/wp-content\/uploads\/2025\/11\/1200px-Flag_of_Cyprus.svg_.png 1200w, https:\/\/tripsandtips.1free.eu\/wp-content\/uploads\/2025\/11\/1200px-Flag_of_Cyprus.svg_-300x200.png 300w, https:\/\/tripsandtips.1free.eu\/wp-content\/uploads\/2025\/11\/1200px-Flag_of_Cyprus.svg_-1024x683.png 1024w, https:\/\/tripsandtips.1free.eu\/wp-content\/uploads\/2025\/11\/1200px-Flag_of_Cyprus.svg_-768x512.png 768w\" sizes=\"auto, (max-width: 1200px) 100vw, 1200px\" \/><\/figure>\n\n\n\n<h3 class=\"wp-block-heading has-text-align-left\"><strong><a href=\"https:\/\/tripsandtips.1free.eu\/?page_id=57\" data-type=\"page\" data-id=\"57\">CYPR<\/a><\/strong><\/h3>\n\n\n\n<ul class=\"wp-block-list\">\n<li>Cypr Po\u0142udniowy<\/li>\n\n\n\n<li>Cypr P\u00f3\u0142nocny<\/li>\n<\/ul>\n<\/div>\n\n\n\n<div class=\"wp-block-group is-layout-grid wp-container-core-group-is-layout-9649a0d9 wp-block-group-is-layout-grid\">\n<div class=\"wp-block-group is-layout-grid wp-container-core-group-is-layout-9649a0d9 wp-block-group-is-layout-grid\">\n<figure class=\"wp-block-image size-large\"><img loading=\"lazy\" decoding=\"async\" width=\"1024\" height=\"512\" src=\"https:\/\/tripsandtips.1free.eu\/wp-content\/uploads\/2025\/11\/montenegro_flag-1024x512.png\" alt=\"\" class=\"wp-image-273\" srcset=\"https:\/\/tripsandtips.1free.eu\/wp-content\/uploads\/2025\/11\/montenegro_flag-1024x512.png 1024w, https:\/\/tripsandtips.1free.eu\/wp-content\/uploads\/2025\/11\/montenegro_flag-300x150.png 300w, https:\/\/tripsandtips.1free.eu\/wp-content\/uploads\/2025\/11\/montenegro_flag-768x384.png 768w, https:\/\/tripsandtips.1free.eu\/wp-content\/uploads\/2025\/11\/montenegro_flag.png 1280w\" sizes=\"auto, (max-width: 1024px) 100vw, 1024px\" \/><\/figure>\n<\/div>\n\n\n\n<h3 class=\"wp-block-heading has-text-align-left\"><strong><a href=\"https:\/\/tripsandtips.1free.eu\/?page_id=61\" data-type=\"page\" data-id=\"61\">CZARNOG\u00d3RA<\/a><\/strong><\/h3>\n\n\n\n<ul class=\"wp-block-list\">\n<li>Bar<\/li>\n\n\n\n<li>Ulcinj<\/li>\n\n\n\n<li>Budva<\/li>\n\n\n\n<li>Kotor<\/li>\n\n\n\n<li>\u017dabljak<\/li>\n<\/ul>\n<\/div>\n\n\n\n<div class=\"wp-block-group is-layout-grid wp-container-core-group-is-layout-9649a0d9 wp-block-group-is-layout-grid\">\n<figure class=\"wp-block-image size-large\"><img loading=\"lazy\" decoding=\"async\" width=\"1024\" height=\"683\" src=\"https:\/\/tripsandtips.1free.eu\/wp-content\/uploads\/2025\/11\/egypt_flag-1024x683.png\" alt=\"\" class=\"wp-image-269\" srcset=\"https:\/\/tripsandtips.1free.eu\/wp-content\/uploads\/2025\/11\/egypt_flag-1024x683.png 1024w, https:\/\/tripsandtips.1free.eu\/wp-content\/uploads\/2025\/11\/egypt_flag-300x200.png 300w, https:\/\/tripsandtips.1free.eu\/wp-content\/uploads\/2025\/11\/egypt_flag-768x512.png 768w, https:\/\/tripsandtips.1free.eu\/wp-content\/uploads\/2025\/11\/egypt_flag.png 1280w\" sizes=\"auto, (max-width: 1024px) 100vw, 1024px\" \/><\/figure>\n\n\n\n<h3 class=\"wp-block-heading has-text-align-left\"><strong><a href=\"https:\/\/tripsandtips.1free.eu\/?page_id=63\" data-type=\"page\" data-id=\"63\">EGIPT<\/a><\/strong><\/h3>\n\n\n\n<ul class=\"wp-block-list\">\n<li>Giza<\/li>\n\n\n\n<li>Kair<\/li>\n\n\n\n<li>Hurghada<\/li>\n\n\n\n<li>Marsa Alam<\/li>\n\n\n\n<li>Wadi El Gamal<\/li>\n<\/ul>\n<\/div>\n\n\n\n<div class=\"wp-block-group is-layout-grid wp-container-core-group-is-layout-9649a0d9 wp-block-group-is-layout-grid\">\n<figure class=\"wp-block-image size-large\"><img loading=\"lazy\" decoding=\"async\" width=\"2560\" height=\"1707\" src=\"https:\/\/tripsandtips.1free.eu\/wp-content\/uploads\/2025\/11\/2560px-Flag_of_Greece.svg_.png\" alt=\"\" class=\"wp-image-192\" srcset=\"https:\/\/tripsandtips.1free.eu\/wp-content\/uploads\/2025\/11\/2560px-Flag_of_Greece.svg_.png 2560w, https:\/\/tripsandtips.1free.eu\/wp-content\/uploads\/2025\/11\/2560px-Flag_of_Greece.svg_-300x200.png 300w, https:\/\/tripsandtips.1free.eu\/wp-content\/uploads\/2025\/11\/2560px-Flag_of_Greece.svg_-1024x683.png 1024w, https:\/\/tripsandtips.1free.eu\/wp-content\/uploads\/2025\/11\/2560px-Flag_of_Greece.svg_-768x512.png 768w, https:\/\/tripsandtips.1free.eu\/wp-content\/uploads\/2025\/11\/2560px-Flag_of_Greece.svg_-1536x1024.png 1536w, https:\/\/tripsandtips.1free.eu\/wp-content\/uploads\/2025\/11\/2560px-Flag_of_Greece.svg_-2048x1366.png 2048w\" sizes=\"auto, (max-width: 2560px) 100vw, 2560px\" \/><\/figure>\n\n\n\n<h3 class=\"wp-block-heading has-text-align-left\"><strong><a href=\"https:\/\/tripsandtips.1free.eu\/?page_id=65\" data-type=\"page\" data-id=\"65\">GRECJA<\/a><\/strong><\/h3>\n\n\n\n<ul class=\"wp-block-list\">\n<li>Zakhyntos<\/li>\n\n\n\n<li>Kefalonia<\/li>\n\n\n\n<li>Rodos<\/li>\n\n\n\n<li>Kos<\/li>\n\n\n\n<li>Nisyros<\/li>\n\n\n\n<li>Gyali<\/li>\n<\/ul>\n<\/div>\n\n\n\n<div class=\"wp-block-group is-layout-grid wp-container-core-group-is-layout-9649a0d9 wp-block-group-is-layout-grid\">\n<figure class=\"wp-block-image size-large\"><img loading=\"lazy\" decoding=\"async\" width=\"2560\" height=\"1707\" src=\"https:\/\/tripsandtips.1free.eu\/wp-content\/uploads\/2025\/11\/2560px-Flag_of_Spain.svg_.png\" alt=\"\" class=\"wp-image-197\" srcset=\"https:\/\/tripsandtips.1free.eu\/wp-content\/uploads\/2025\/11\/2560px-Flag_of_Spain.svg_.png 2560w, https:\/\/tripsandtips.1free.eu\/wp-content\/uploads\/2025\/11\/2560px-Flag_of_Spain.svg_-300x200.png 300w, https:\/\/tripsandtips.1free.eu\/wp-content\/uploads\/2025\/11\/2560px-Flag_of_Spain.svg_-1024x683.png 1024w, https:\/\/tripsandtips.1free.eu\/wp-content\/uploads\/2025\/11\/2560px-Flag_of_Spain.svg_-768x512.png 768w, https:\/\/tripsandtips.1free.eu\/wp-content\/uploads\/2025\/11\/2560px-Flag_of_Spain.svg_-1536x1024.png 1536w, https:\/\/tripsandtips.1free.eu\/wp-content\/uploads\/2025\/11\/2560px-Flag_of_Spain.svg_-2048x1366.png 2048w\" sizes=\"auto, (max-width: 2560px) 100vw, 2560px\" \/><\/figure>\n\n\n\n<h3 class=\"wp-block-heading\"><strong><a href=\"https:\/\/tripsandtips.1free.eu\/?page_id=68\" data-type=\"page\" data-id=\"68\">HISZPANIA<\/a><\/strong><\/h3>\n\n\n\n<ul class=\"wp-block-list\">\n<li>Barcelona<\/li>\n\n\n\n<li>Majorka<\/li>\n\n\n\n<li>Fuerteventura<\/li>\n\n\n\n<li>Lanzarote<\/li>\n\n\n\n<li>Gran Canaria<\/li>\n\n\n\n<li>Teneryfa<\/li>\n<\/ul>\n<\/div>\n\n\n\n<div class=\"wp-block-group is-layout-grid wp-container-core-group-is-layout-9649a0d9 wp-block-group-is-layout-grid\">\n<figure class=\"wp-block-image size-large\"><img loading=\"lazy\" decoding=\"async\" width=\"1280\" height=\"854\" src=\"https:\/\/tripsandtips.1free.eu\/wp-content\/uploads\/2025\/11\/1280px-Flag_of_Malta.svg_.png\" alt=\"\" class=\"wp-image-196\" srcset=\"https:\/\/tripsandtips.1free.eu\/wp-content\/uploads\/2025\/11\/1280px-Flag_of_Malta.svg_.png 1280w, https:\/\/tripsandtips.1free.eu\/wp-content\/uploads\/2025\/11\/1280px-Flag_of_Malta.svg_-300x200.png 300w, https:\/\/tripsandtips.1free.eu\/wp-content\/uploads\/2025\/11\/1280px-Flag_of_Malta.svg_-1024x683.png 1024w, https:\/\/tripsandtips.1free.eu\/wp-content\/uploads\/2025\/11\/1280px-Flag_of_Malta.svg_-768x512.png 768w\" sizes=\"auto, (max-width: 1280px) 100vw, 1280px\" \/><\/figure>\n\n\n\n<h3 class=\"wp-block-heading\"><strong><a href=\"https:\/\/tripsandtips.1free.eu\/?page_id=73\" data-type=\"page\" data-id=\"73\">MALTA<\/a><\/strong><\/h3>\n\n\n\n<ul class=\"wp-block-list\">\n<li>Gozo<\/li>\n\n\n\n<li>Comino<\/li>\n\n\n\n<li>Malta (g\u0142\u00f3wna wyspa)<\/li>\n<\/ul>\n<\/div>\n\n\n\n<div class=\"wp-block-group is-layout-grid wp-container-core-group-is-layout-9649a0d9 wp-block-group-is-layout-grid\">\n<figure class=\"wp-block-image size-large\"><img loading=\"lazy\" decoding=\"async\" width=\"1280\" height=\"854\" src=\"https:\/\/tripsandtips.1free.eu\/wp-content\/uploads\/2025\/11\/1280px-Flag_of_Italy.svg_.png\" alt=\"\" class=\"wp-image-193\" srcset=\"https:\/\/tripsandtips.1free.eu\/wp-content\/uploads\/2025\/11\/1280px-Flag_of_Italy.svg_.png 1280w, https:\/\/tripsandtips.1free.eu\/wp-content\/uploads\/2025\/11\/1280px-Flag_of_Italy.svg_-300x200.png 300w, https:\/\/tripsandtips.1free.eu\/wp-content\/uploads\/2025\/11\/1280px-Flag_of_Italy.svg_-1024x683.png 1024w, https:\/\/tripsandtips.1free.eu\/wp-content\/uploads\/2025\/11\/1280px-Flag_of_Italy.svg_-768x512.png 768w\" sizes=\"auto, (max-width: 1280px) 100vw, 1280px\" \/><\/figure>\n\n\n\n<h3 class=\"wp-block-heading\"><strong><a href=\"https:\/\/tripsandtips.1free.eu\/?page_id=77\" data-type=\"page\" data-id=\"77\">W\u0141OCHY<\/a><\/strong><\/h3>\n\n\n\n<ul class=\"wp-block-list\">\n<li>Sycylia<\/li>\n<\/ul>\n<\/div>\n\n\n\n<p><\/p>\n\n\n\n<h5 class=\"wp-block-heading\"><strong>Pozosta\u0142e pa\u0144stwa, kt\u00f3re odwiedzi\u0142em:<\/strong><\/h5>\n\n\n\n<ul class=\"wp-block-list\">\n<li><strong>Austria <\/strong>(<em>Wiede\u0144<\/em>);<\/li>\n\n\n\n<li><strong>Bo\u015bnia i Hercegowina<\/strong> (<em>Me\u0111ugorje<\/em>, <em>Mostar<\/em>, <em>Sarajewo<\/em>);<\/li>\n\n\n\n<li><strong>Bu\u0142garia <\/strong>(<em>Varna<\/em>);<\/li>\n\n\n\n<li><strong>Chorwacja <\/strong>(<em>Trogir<\/em>);<\/li>\n\n\n\n<li><strong>Czechy <\/strong>(<em>Harrachov<\/em>, <em>Szpindlerowy M\u0142yn<\/em>, <em>Jiczyn<\/em>);<\/li>\n\n\n\n<li><strong>Dania <\/strong>(<em>Billund<\/em>, <em>Kopenhaga<\/em>);<\/li>\n\n\n\n<li><strong>Francja <\/strong>(<em>Pary\u017c<\/em>);<\/li>\n\n\n\n<li><strong>Niemcy <\/strong>(<em>Berlin<\/em>, <em>Poczdam<\/em>, <em>Frankfurt am Oder<\/em>, <em>Schwedt<\/em>, <em>Herringsdorf<\/em>);<\/li>\n\n\n\n<li><strong>S\u0142owacja <\/strong>(<em>Wysokie Tatry<\/em>);<\/li>\n\n\n\n<li><strong>Turcja <\/strong>(<em>Antalya<\/em>);<\/li>\n<\/ul>\n\n\n\n<h5 class=\"wp-block-heading\"><strong>Pa\u0144stwa, kt\u00f3re planuj\u0119 odwiedzi\u0107 w roku 2026:<\/strong><\/h5>\n\n\n\n<ul class=\"wp-block-list\">\n<li><strong>Indonezja <\/strong>(<em>East Java<\/em>, <em>Bali<\/em>, <em>Komodo<\/em>, <em>Pulau Flores<\/em>);<\/li>\n\n\n\n<li><strong>Malezja <\/strong>(<em>Kuala Lumpur<\/em>, <em>Perak<\/em>);<\/li>\n\n\n\n<li><strong>S\u0142owacja <\/strong>(<em>Poprad<\/em>, <em>Wysokie Tatry<\/em>);<\/li>\n<\/ul>\n","protected":false},"excerpt":{"rendered":"<p>Tutaj znajduje si\u0119 lista pa\u0144stw, w kt\u00f3rych zwiedzi\u0142em najwi\u0119cej r\u00f3\u017cnych atrakcji.Po prawej stronie wylistowane s\u0105 orientacyjnie miejsca, kt\u00f3re odwiedzi\u0142em. Kliknij nazw\u0119 danego pa\u0144stwa, aby przej\u015b\u0107 do relacji z wyprawy. ALBANIA CYPR CZARNOG\u00d3RA EGIPT GRECJA HISZPANIA MALTA W\u0141OCHY Pozosta\u0142e pa\u0144stwa, kt\u00f3re odwiedzi\u0142em: Pa\u0144stwa, kt\u00f3re planuj\u0119 odwiedzi\u0107 w roku 2026:<\/p>\n","protected":false},"author":1,"featured_media":0,"parent":0,"menu_order":0,"comment_status":"closed","ping_status":"closed","template":"","meta":{"footnotes":""},"class_list":["post-13","page","type-page","status-publish"],"_links":{"self":[{"href":"https:\/\/tripsandtips.1free.eu\/index.php?rest_route=\/wp\/v2\/pages\/13","targetHints":{"allow":["GET"]}}],"collection":[{"href":"https:\/\/tripsandtips.1free.eu\/index.php?rest_route=\/wp\/v2\/pages"}],"about":[{"href":"https:\/\/tripsandtips.1free.eu\/index.php?rest_route=\/wp\/v2\/types\/page"}],"author":[{"embeddable":true,"href":"https:\/\/tripsandtips.1free.eu\/index.php?rest_route=\/wp\/v2\/users\/1"}],"replies":[{"embeddable":true,"href":"https:\/\/tripsandtips.1free.eu\/index.php?rest_route=%2Fwp%2Fv2%2Fcomments&post=13"}],"version-history":[{"count":21,"href":"https:\/\/tripsandtips.1free.eu\/index.php?rest_route=\/wp\/v2\/pages\/13\/revisions"}],"predecessor-version":[{"id":299,"href":"https:\/\/tripsandtips.1free.eu\/index.php?rest_route=\/wp\/v2\/pages\/13\/revisions\/299"}],"wp:attachment":[{"href":"https:\/\/tripsandtips.1free.eu\/index.php?rest_route=%2Fwp%2Fv2%2Fmedia&parent=13"}],"curies":[{"name":"wp","href":"https:\/\/api.w.org\/{rel}","templated":true}]}}